{"id":499,"date":"2024-11-18T12:05:53","date_gmt":"2024-11-18T12:05:53","guid":{"rendered":"http:\/\/rx4.2ed.mytemp.website\/?page_id=499"},"modified":"2026-03-28T15:49:44","modified_gmt":"2026-03-28T15:49:44","slug":"preispolitik","status":"publish","type":"page","link":"https:\/\/koerperermaechtigung.de\/en\/preispolitik\/","title":{"rendered":"Preispolitik"},"content":{"rendered":"\t\t<div data-elementor-type=\"wp-page\" data-elementor-id=\"499\" class=\"elementor elementor-499\" data-elementor-post-type=\"page\">\n\t\t\t\t<div class=\"elementor-element elementor-element-d95d0f0 e-flex e-con-boxed e-con e-parent\" data-id=\"d95d0f0\" data-element_type=\"container\" data-settings=\"{&quot;background_background&quot;:&quot;classic&quot;}\">\n\t\t\t\t\t<div class=\"e-con-inner\">\n\t\t<div class=\"elementor-element elementor-element-3800f4e e-con-full e-flex e-con e-child\" data-id=\"3800f4e\" data-element_type=\"container\">\n\t\t\t\t<div class=\"elementor-element elementor-element-5f815c1 elementor-widget elementor-widget-heading\" data-id=\"5f815c1\" data-element_type=\"widget\" data-widget_type=\"heading.default\">\n\t\t\t\t<div class=\"elementor-widget-container\">\n\t\t\t\t\t<h1 class=\"elementor-heading-title elementor-size-default\">Preispolitik<\/h1>\t\t\t\t<\/div>\n\t\t\t\t<\/div>\n\t\t\t\t<\/div>\n\t\t\t\t\t<\/div>\n\t\t\t\t<\/div>\n\t\t<div class=\"elementor-element elementor-element-19a6188 e-flex e-con-boxed e-con e-parent\" data-id=\"19a6188\" data-element_type=\"container\">\n\t\t\t\t\t<div class=\"e-con-inner\">\n\t\t<div class=\"elementor-element elementor-element-31aadb3 e-con-full e-flex e-con e-child\" data-id=\"31aadb3\" data-element_type=\"container\">\n\t\t\t\t<div class=\"elementor-element elementor-element-18c5e3d elementor-widget elementor-widget-text-editor\" data-id=\"18c5e3d\" data-element_type=\"widget\" data-widget_type=\"text-editor.default\">\n\t\t\t\t<div class=\"elementor-widget-container\">\n\t\t\t\t\t\t\t\t\t<p>Mir ist es ein Anliegen, mein Angebot auch Menschen zug\u00e4nglich zu machen, die aus weniger priviligierten Verh\u00e4ltnissen kommen u\/o in prek\u00e4r bezahlten Berufen arbeiten. Daher gibt es 3 verschiedene Preiskategorien. Die Preiswahl erfolgt nach eigenem Ermessen, ich verlange keine Nachweise.<\/p><p>Nachfolgend eine Orientierung. Sie bezieht sich auf das verf\u00fcgbare Geld\/Person\/Monat.<\/p><p><strong>Mini-Preis<\/strong>: &lt;950 Euro Netto\/Monat <br \/><strong>Medium-Preis<\/strong>: zwischen 950 \u2013 1700 Euro Netto\/Monat <br \/><strong>Regul\u00e4r-Preis:<\/strong> ab 1700 Euro Netto\/Monat<\/p><p>Paketpreise sind nur bei Einmalzahlung m\u00f6glich.<\/p><p><strong>Wenn du dir auch diese Preiskategorien nicht leisten kannst<\/strong>, aber den Wunsch hast, meine Arbeit in Anspruch zu nehmen, nimm bitte Kontakt mit mir auf und wir versuchen eine L\u00f6sung zu finden. (Leider ohne jegliche Garantie, denn auch meine zeitlichen und finanziellen Ressourcen sind begrenzt)<\/p><p><strong>Wenn du finanziell sehr gut dastehst<\/strong> und anderen Menschen das Erfahren dieser Arbeit erm\u00f6glichen m\u00f6chtest, kannst du Sessions spenden. Kontaktiere mich dann gern \u00fcber das Kontaktformular.<\/p>\t\t\t\t\t\t\t\t<\/div>\n\t\t\t\t<\/div>\n\t\t\t\t<\/div>\n\t\t\t\t\t<\/div>\n\t\t\t\t<\/div>\n\t\t<div class=\"elementor-element elementor-element-9c6fe8d e-flex e-con-boxed e-con e-parent\" data-id=\"9c6fe8d\" data-element_type=\"container\" data-settings=\"{&quot;background_background&quot;:&quot;classic&quot;}\">\n\t\t\t\t\t<div class=\"e-con-inner\">\n\t\t<div class=\"elementor-element elementor-element-ce537be e-flex e-con-boxed e-con e-child\" data-id=\"ce537be\" data-element_type=\"container\">\n\t\t\t\t\t<div class=\"e-con-inner\">\n\t\t\t\t<div class=\"elementor-element elementor-element-1b9b59f elementor-hidden-tablet elementor-hidden-mobile elementor-widget elementor-widget-text-editor\" data-id=\"1b9b59f\" data-element_type=\"widget\" data-widget_type=\"text-editor.default\">\n\t\t\t\t<div class=\"elementor-widget-container\">\n\t\t\t\t\t\t\t\t\t<p>Sexological Bodywork Session \u2026\u2026\u2026\u2026\u2026\u2026\u2026\u2026\u2026.\u2026.\u2026\u2026\u2026&#8230;&#8230;&#8230;&#8230;..\u2026\u2026\u2026\u2026\u2026\u2026\u2026.\u2026 120 \u20ac \/ 150 \u20ac \/ 180 \u20ac<br \/>2 h Pr\u00e4senz<\/p><p>Sexological Bodywork Session online\u2026\u2026\u2026\u2026\u2026\u2026\u2026\u2026&#8230;&#8230;&#8230;&#8230;&#8230;\u2026\u2026\u2026\u2026\u2026\u2026\u2026\u2026\u2026\u2026.\u2026 80 \u20ac \/ 110 \u20ac \/ 130 \u20ac<br \/>1,5 h\u00a0<\/p><p>Sexological Bodywork Session zu zweit \u2026\u2026\u2026\u2026\u2026..\u2026\u2026\u2026\u2026&#8230;&#8230;&#8230;&#8230;..\u2026\u2026\u2026\u2026\u2026\u2026\u2026.\u2026 120 \u20ac \/ 170 \u20ac \/ 200 \u20ac<br \/>2 h Pr\u00e4senz<\/p><p>Einzelsession Breathwork \u2026\u2026\u2026\u2026\u2026\u2026\u2026\u2026\u2026.\u2026\u2026\u2026\u2026\u2026\u2026\u2026\u2026\u2026\u2026\u2026\u2026\u2026\u2026\u2026\u2026.\u2026\u2026 140 \u20ac \/ 180 \u20ac \/ 210 \u20ac<br \/>2,5 h Pr\u00e4senz<\/p><p>Beratung in Schwangerschaft, Geburt und Wochenbett&#8230;&#8230;&#8230;&#8230;&#8230;&#8230;&#8230;&#8230;&#8230;&#8230;&#8230;&#8230;&#8230;&#8230;&#8230;&#8230;&#8230;&#8230;&#8230;&#8230; 60 \u20ac \/ 70 \u20ac \/ 90 \u20ac<br \/>1 h Pr\u00e4senz\/Online<\/p><p>Atemworkshop \u2026\u2026\u2026\u2026\u2026\u2026\u2026\u2026\u2026\u2026\u2026\u2026\u2026&#8230;&#8230;\u2026&#8230;&#8230;.\u2026&#8230;&#8230;\u2026\u2026\u2026\u2026\u2026\u2026\u2026\u2026\u2026\u2026\u2026\u2026\u2026\u202660 \u20ac \/ 70 \u20ac \/ 80 \u20ac<br \/>3-3,5 h live (4-7 Teilnehmende\/ Atem Coach)<\/p><p>Andere Workshops \u2026\u2026\u2026\u2026\u2026..\u2026\u2026\u2026\u2026\u2026\u2026\u2026je nach L\u00e4nge, Raumkosten und Assistenz Person 15 \u20ac &#8211; 80 \u20ac<\/p><p>\u00a0<\/p>\t\t\t\t\t\t\t\t<\/div>\n\t\t\t\t<\/div>\n\t\t\t\t<div class=\"elementor-element elementor-element-9a47d59 elementor-hidden-desktop elementor-widget elementor-widget-text-editor\" data-id=\"9a47d59\" data-element_type=\"widget\" data-widget_type=\"text-editor.default\">\n\t\t\t\t<div class=\"elementor-widget-container\">\n\t\t\t\t\t\t\t\t\t<p><strong>Sexological Bodywork Session<\/strong> <br \/>120 \u20ac \/ 150 \u20ac \/ 180 \u20ac<br \/>2 h Pr\u00e4senz<\/p><p><strong>Sexological Bodywork Session online <\/strong><br \/>80 \u20ac \/ 110 \u20ac \/ 130 \u20ac<br \/>1,5 h<\/p><p><strong>Sexological Bodywork Session zu zweit<\/strong><br \/>120 \u20ac \/ 170 \u20ac \/ 200 \u20ac<br \/>2 h Pr\u00e4senz<\/p><p><strong>Einzelsession Breathwork<\/strong> <br \/>140 \u20ac \/ 180 \u20ac \/ 210 \u20ac<br \/>2,5h Pr\u00e4senz<\/p><p><strong>Beratung Intimit\u00e4t in Schwangerschaft, Geburt und Wochenbett<\/strong><br \/>60 \u20ac \/ 70 \u20ac \/ 90 \u20ac<br \/>1 h Pr\u00e4senz \/ Online<\/p><p><strong>Atemworkshop<\/strong> <br \/>60 \u20ac \/ 70 \u20ac \/ 80 \u20ac<br \/>3-3,5 h Pr\u00e4senz (4-7 Teilnehmis \/ Atem Coach)<\/p><p><strong>Andere Workshops <br \/><\/strong>je nach L\u00e4nge, Raumkosten und Assistenz Person 15 \u20ac &#8211; 80 \u20ac<strong><br \/><br \/><\/strong><\/p>\t\t\t\t\t\t\t\t<\/div>\n\t\t\t\t<\/div>\n\t\t\t\t\t<\/div>\n\t\t\t\t<\/div>\n\t\t\t\t\t<\/div>\n\t\t\t\t<\/div>\n\t\t<div class=\"elementor-element elementor-element-4753860 e-flex e-con-boxed e-con e-parent\" data-id=\"4753860\" data-element_type=\"container\">\n\t\t\t\t\t<div class=\"e-con-inner\">\n\t\t<div class=\"elementor-element elementor-element-b47f931 e-con-full e-flex e-con e-child\" data-id=\"b47f931\" data-element_type=\"container\">\n\t\t\t\t<div class=\"elementor-element elementor-element-6a88087 elementor-widget elementor-widget-text-editor\" data-id=\"6a88087\" data-element_type=\"widget\" data-widget_type=\"text-editor.default\">\n\t\t\t\t<div class=\"elementor-widget-container\">\n\t\t\t\t\t\t\t\t\t<p>Um ein wenig Transparenz zu schaffen, wie Preise zustande kommen, m\u00f6chte ich hier einen kleinen Einblick geben \u00fcber die notwendigen T\u00e4tigkeiten, die mit diesen Angeboten in Verbindung stehen.<\/p><p><strong>Workshops:<\/strong> Workshopleitung, Vor- und Nachbereitungszeit (ca. 1-8 Stunden), Fahrtzeit, Raumvor- und -nachbereitung, Raumkosten, ggf. Pauschale f\u00fcr Assistenz, Organisation (u.a. Raumanmietung, Erstellung von Flyern, Beitr\u00e4ge in sozialen Medien, Verwaltung von Anmeldungen, Kontakt zu Assistent*innen).<\/p><p><strong>Einzelsessions:<\/strong> Sessionzeit, Fahrtzeit, Raumvor- und -nachbereitung, Raumkosten, Organisation (u.a. Raumanmietung, Terminverwaltung).<\/p><p><strong>Allgemein:<\/strong> Steuern, Steuererkl\u00e4rung, Berufshaftpflichtversicherung, Supervision, Aus-, Fort- und Weiterbildungen.<\/p>\t\t\t\t\t\t\t\t<\/div>\n\t\t\t\t<\/div>\n\t\t\t\t<\/div>\n\t\t\t\t\t<\/div>\n\t\t\t\t<\/div>\n\t\t<div class=\"elementor-element elementor-element-22d0cea e-flex e-con-boxed e-con e-parent\" data-id=\"22d0cea\" data-element_type=\"container\" data-settings=\"{&quot;background_background&quot;:&quot;classic&quot;}\">\n\t\t\t\t\t<div class=\"e-con-inner\">\n\t\t<div class=\"elementor-element elementor-element-5b52d10 e-con-full e-flex e-con e-child\" data-id=\"5b52d10\" data-element_type=\"container\">\n\t\t\t\t<div class=\"elementor-element elementor-element-022729f elementor-widget elementor-widget-text-editor\" data-id=\"022729f\" data-element_type=\"widget\" data-widget_type=\"text-editor.default\">\n\t\t\t\t<div class=\"elementor-widget-container\">\n\t\t\t\t\t\t\t\t\t<p><strong>Allgemeine Stornobedingungen f\u00fcr Workshops<\/strong><\/p><p>Die Anmeldung ist verbindlich. Bei Absage ist eine Bearbeitungs- bzw. Ausfallgeb\u00fchr zu zahlen. Bei Nichterscheinen ohne Absage ist der komplette regul\u00e4re Teilnahmebeitrag zu zahlen. Bei Absage bis zu 48h vor Veranstaltungsbeginn ist eine Bearbeitungsgeb\u00fchr von 10\u20ac zu entrichten. Bei einer Absage bis zu 24h vor Veranstaltungsbeginn ist eine <br \/>Bearbeitungsgeb\u00fchr von 15\u20ac zu entrichten. Bei sp\u00e4terer Absage ist der volle Betrag zu zahlen. Wenn es eine Warteliste gibt, wird versucht ein Ersatz f\u00fcr dich zu finden. Wurde Ersatz gefunden, kann auch bei kurzfristigeren Absagen nur die Bearbeitungsgeb\u00fchr von 15\u20ac gezahlt werden. Hierauf gibt es keinen Anspruch. Bei Absagen die f\u00fcnf Stunden vor Eventbeginn (Einlass) oder sp\u00e4ter erfolgen ist diese Kulanzregelung nicht m\u00f6glich. Sollte das Event von Seiten der*s Veranstalt*erin abgesagt werden m\u00fcssen, werden bereits bezahlte Betr\u00e4ge zur\u00fcckerstattet. Weitere Anspr\u00fcche bestehen nicht. Steht in den speziellen Stornobedingungen zu dem entsprechenden Format etwas, das den in den allgemeinen Stornobedingungen genanntem Text widerspricht, gilt entsprechender Teil in den speziellen Stornobedingungen.<\/p>\t\t\t\t\t\t\t\t<\/div>\n\t\t\t\t<\/div>\n\t\t\t\t<\/div>\n\t\t<div class=\"elementor-element elementor-element-2503200 e-con-full e-flex e-con e-child\" data-id=\"2503200\" data-element_type=\"container\">\n\t\t\t\t<div class=\"elementor-element elementor-element-7e1affd elementor-widget elementor-widget-text-editor\" data-id=\"7e1affd\" data-element_type=\"widget\" data-widget_type=\"text-editor.default\">\n\t\t\t\t<div class=\"elementor-widget-container\">\n\t\t\t\t\t\t\t\t\t<p><strong>Stornobedingungen f\u00fcr Atem Workshops<\/strong><\/p><p>Es gelten die Allgemeinen Stornobedingungen. Zus\u00e4tzlich gilt im speziellen: Bei Absage bis zu 14 Tagen vor Veranstaltungsbeginn ist eine Bearbeitungsgeb\u00fchr von 10\u20ac f\u00e4llig. Bei Absage, bis zu 48h vor Veranstaltungsbeginn sind 50% des Teilnahmebeitrags zu entrichten. Bei sp\u00e4terer Absage erfolgt keine Erstattung. Wenn es eine Warteliste gibt, wird versucht ein Ersatz zu finden. Wurde Ersatz gefunden, kann auch bei kurzfristigeren Absagen nur die Bearbeitungsgeb\u00fchr von 15\u20ac gezahlt werden. Hierauf gibt es keinen Anspruch. Bei Absagen die f\u00fcnf Stunden vor Eventbeginn oder sp\u00e4ter erfolgen ist diese Kulanzregelung prinzipiell nicht m\u00f6glich.<\/p>\t\t\t\t\t\t\t\t<\/div>\n\t\t\t\t<\/div>\n\t\t\t\t<\/div>\n\t\t<div class=\"elementor-element elementor-element-0fbe0f3 e-con-full e-flex e-con e-child\" data-id=\"0fbe0f3\" data-element_type=\"container\">\n\t\t\t\t<div class=\"elementor-element elementor-element-6a5a436 elementor-widget elementor-widget-text-editor\" data-id=\"6a5a436\" data-element_type=\"widget\" data-widget_type=\"text-editor.default\">\n\t\t\t\t<div class=\"elementor-widget-container\">\n\t\t\t\t\t\t\t\t\t<p><strong>Stornobedingungen f\u00fcr Einzelsessions<\/strong><\/p><p>Deine Anmeldung ist verbindlich. Bei Absage ist eine Bearbeitungs- bzw. Ausfallgeb\u00fchr zu zahlen. Bei Nichterscheinen ohne Absage ist der komplette regul\u00e4re Teilnahmebeitrag zu zahlen. Solltest du unter 48 Stunden vor der Session absagen, berechne ich eine Stornogeb\u00fchr von 50% des Teilnahmebeitrags. Bei Absagen unter 24 Stunden vor der Session wird der volle Beitrag berechnet. Solltest du f\u00fcr passenden Ersatz sorgen (in R\u00fccksprache mit mir), ist eine Bearbeitungsgeb\u00fchr von 10\u20ac zu entrichten.<\/p>\t\t\t\t\t\t\t\t<\/div>\n\t\t\t\t<\/div>\n\t\t\t\t<\/div>\n\t\t\t\t\t<\/div>\n\t\t\t\t<\/div>\n\t\t\t\t<\/div>\n\t\t","protected":false},"excerpt":{"rendered":"<p>Preispolitik Mir ist es ein Anliegen, mein Angebot auch Menschen zug\u00e4nglich zu machen, die aus weniger priviligierten Verh\u00e4ltnissen kommen u\/o in prek\u00e4r bezahlten Berufen arbeiten. Daher gibt es 3 verschiedene Preiskategorien. Die Preiswahl erfolgt nach eigenem Ermessen, ich verlange keine Nachweise. Nachfolgend eine Orientierung. Sie bezieht sich auf das verf\u00fcgbare Geld\/Person\/Monat. Mini-Preis:<\/p>\n","protected":false},"author":1,"featured_media":0,"parent":0,"menu_order":0,"comment_status":"closed","ping_status":"closed","template":"","meta":{"footnotes":""},"class_list":["post-499","page","type-page","status-publish","hentry"],"_links":{"self":[{"href":"https:\/\/koerperermaechtigung.de\/en\/wp-json\/wp\/v2\/pages\/499","targetHints":{"allow":["GET"]}}],"collection":[{"href":"https:\/\/koerperermaechtigung.de\/en\/wp-json\/wp\/v2\/pages"}],"about":[{"href":"https:\/\/koerperermaechtigung.de\/en\/wp-json\/wp\/v2\/types\/page"}],"author":[{"embeddable":true,"href":"https:\/\/koerperermaechtigung.de\/en\/wp-json\/wp\/v2\/users\/1"}],"replies":[{"embeddable":true,"href":"https:\/\/koerperermaechtigung.de\/en\/wp-json\/wp\/v2\/comments?post=499"}],"version-history":[{"count":104,"href":"https:\/\/koerperermaechtigung.de\/en\/wp-json\/wp\/v2\/pages\/499\/revisions"}],"predecessor-version":[{"id":2546,"href":"https:\/\/koerperermaechtigung.de\/en\/wp-json\/wp\/v2\/pages\/499\/revisions\/2546"}],"wp:attachment":[{"href":"https:\/\/koerperermaechtigung.de\/en\/wp-json\/wp\/v2\/media?parent=499"}],"curies":[{"name":"wp","href":"https:\/\/api.w.org\/{rel}","templated":true}]}}