{"id":493,"date":"2024-11-18T12:06:05","date_gmt":"2024-11-18T12:06:05","guid":{"rendered":"http:\/\/rx4.2ed.mytemp.website\/?page_id=493"},"modified":"2025-11-26T15:47:30","modified_gmt":"2025-11-26T15:47:30","slug":"breathwork","status":"publish","type":"page","link":"https:\/\/koerperermaechtigung.de\/en\/breathwork\/","title":{"rendered":"Breathwork"},"content":{"rendered":"\t\t<div data-elementor-type=\"wp-page\" data-elementor-id=\"493\" class=\"elementor elementor-493\" data-elementor-post-type=\"page\">\n\t\t\t\t<div class=\"elementor-element elementor-element-d95d0f0 e-flex e-con-boxed e-con e-parent\" data-id=\"d95d0f0\" data-element_type=\"container\" data-settings=\"{&quot;background_background&quot;:&quot;video&quot;,&quot;background_video_link&quot;:&quot;https:\\\/\\\/youtu.be\\\/sGZCRfjLWbc&quot;,&quot;background_video_start&quot;:2,&quot;background_play_on_mobile&quot;:&quot;yes&quot;}\">\n\t\t\t\t\t<div class=\"e-con-inner\">\n\t\t<div class=\"elementor-background-video-container\" aria-hidden=\"true\">\n\t\t\t\t\t\t\t<div class=\"elementor-background-video-embed\"><\/div>\n\t\t\t\t\t\t<\/div><div class=\"elementor-element elementor-element-3800f4e e-con-full e-flex e-con e-child\" data-id=\"3800f4e\" data-element_type=\"container\">\n\t\t\t\t<div class=\"elementor-element elementor-element-5f815c1 elementor-widget elementor-widget-heading\" data-id=\"5f815c1\" data-element_type=\"widget\" data-widget_type=\"heading.default\">\n\t\t\t\t<div class=\"elementor-widget-container\">\n\t\t\t\t\t<h1 class=\"elementor-heading-title elementor-size-default\">Breathwork<\/h1>\t\t\t\t<\/div>\n\t\t\t\t<\/div>\n\t\t\t\t<\/div>\n\t\t\t\t\t<\/div>\n\t\t\t\t<\/div>\n\t\t<div class=\"elementor-element elementor-element-19a6188 e-flex e-con-boxed e-con e-parent\" data-id=\"19a6188\" data-element_type=\"container\" data-settings=\"{&quot;background_background&quot;:&quot;classic&quot;}\">\n\t\t\t\t\t<div class=\"e-con-inner\">\n\t\t<div class=\"elementor-element elementor-element-842df07 e-con-full e-flex e-con e-child\" data-id=\"842df07\" data-element_type=\"container\">\n\t\t\t\t<div class=\"elementor-element elementor-element-fa372ca elementor-widget elementor-widget-spacer\" data-id=\"fa372ca\" data-element_type=\"widget\" data-widget_type=\"spacer.default\">\n\t\t\t\t<div class=\"elementor-widget-container\">\n\t\t\t\t\t\t\t<div class=\"elementor-spacer\">\n\t\t\t<div class=\"elementor-spacer-inner\"><\/div>\n\t\t<\/div>\n\t\t\t\t\t\t<\/div>\n\t\t\t\t<\/div>\n\t\t\t\t<div class=\"elementor-element elementor-element-b3c7157 elementor-widget elementor-widget-heading\" data-id=\"b3c7157\" data-element_type=\"widget\" data-widget_type=\"heading.default\">\n\t\t\t\t<div class=\"elementor-widget-container\">\n\t\t\t\t\t<h2 class=\"elementor-heading-title elementor-size-default\">Manche Dinge l\u00f6sen sich, \nsobald ich sie anders betrachte.<\/h2>\t\t\t\t<\/div>\n\t\t\t\t<\/div>\n\t\t\t\t<div class=\"elementor-element elementor-element-da4d0e5 elementor-widget elementor-widget-text-editor\" data-id=\"da4d0e5\" data-element_type=\"widget\" data-widget_type=\"text-editor.default\">\n\t\t\t\t<div class=\"elementor-widget-container\">\n\t\t\t\t\t\t\t\t\t<p>Ich lade dich ein, in eine andere Perspektive zu tauchen. Durch das Medium des Atems kannst du einen Zustand herbeif\u00fchren, der dich anders denken, f\u00fchlen und wahrnehmen l\u00e4sst, als im Normalzustand. Hast du Lust? Wie funktioniert das? Der Atem steht in direkter Verbindung mit deinem Nervensystem. Das Nervensystem reguliert deinen mentalen, psychischen und emotionalen Zustand. Wenn du dein Atemmuster ver\u00e4nderst, beeinflusst du dein Nervensystem, was wiederum deinen Zustand auf unterschiedlichen Ebenen ver\u00e4ndert. Zu lernen, deinen Atem bewusst zu ver\u00e4ndern, kann f\u00fcr deinen Alltag sehr n\u00fctzlich sein.<\/p>\t\t\t\t\t\t\t\t<\/div>\n\t\t\t\t<\/div>\n\t\t\t\t<div class=\"elementor-element elementor-element-b963b12 elementor-widget elementor-widget-image\" data-id=\"b963b12\" data-element_type=\"widget\" data-widget_type=\"image.default\">\n\t\t\t\t<div class=\"elementor-widget-container\">\n\t\t\t\t\t\t\t\t\t\t\t\t\t\t\t<img fetchpriority=\"high\" decoding=\"async\" width=\"800\" height=\"532\" src=\"https:\/\/koerperermaechtigung.de\/wp-content\/uploads\/2024\/11\/business-fotos-lucy-dreyer-82-1024x681.jpg\" class=\"attachment-large size-large wp-image-519\" alt=\"\" srcset=\"https:\/\/koerperermaechtigung.de\/wp-content\/uploads\/2024\/11\/business-fotos-lucy-dreyer-82-1024x681.jpg 1024w, https:\/\/koerperermaechtigung.de\/wp-content\/uploads\/2024\/11\/business-fotos-lucy-dreyer-82-300x200.jpg 300w, https:\/\/koerperermaechtigung.de\/wp-content\/uploads\/2024\/11\/business-fotos-lucy-dreyer-82-768x511.jpg 768w, https:\/\/koerperermaechtigung.de\/wp-content\/uploads\/2024\/11\/business-fotos-lucy-dreyer-82-1536x1022.jpg 1536w, https:\/\/koerperermaechtigung.de\/wp-content\/uploads\/2024\/11\/business-fotos-lucy-dreyer-82.jpg 2048w\" sizes=\"(max-width: 800px) 100vw, 800px\" \/>\t\t\t\t\t\t\t\t\t\t\t\t\t\t\t<\/div>\n\t\t\t\t<\/div>\n\t\t\t\t<div class=\"elementor-element elementor-element-727a458 elementor-widget elementor-widget-text-editor\" data-id=\"727a458\" data-element_type=\"widget\" data-widget_type=\"text-editor.default\">\n\t\t\t\t<div class=\"elementor-widget-container\">\n\t\t\t\t\t\t\t\t\t<p>In einer Atemsession kann er dir helfen, auf tieferen Ebenen Ver\u00e4nderungen zu bewirken. Hier atmest du f\u00fcr ca. eine Stunde tief und verbunden. Dein Nervensystem wird dadurch so stimuliert, dass u.a. weniger rationales Denken stattfindet und du mehr Zugang zu deinen Gef\u00fchlen erh\u00e4ltst. Das kann dir helfen, Probleme aus einer neuen Perspektive zu betrachten. Au\u00dferdem k\u00f6nnen im K\u00f6rper gespeicherte Anspannungen gel\u00f6st werden und an die Oberfl\u00e4che kommen. Dabei zeigen sich h\u00e4ufig Erinnerungen \u00a0und Emotionen, die normalerweise im Unbewussten liegen. Indem sie im gehaltenen Rahmen erlaubt und anerkannt werden, k\u00f6nnen sie integriert und die Heilung unterst\u00fctzt werden. Gleichzeitig kannst du Zugriff auf deine Ressourcen erhalten und Zust\u00e4nde tiefer Entspannung erfahren. Auf k\u00f6rperlicher Ebene regt das tief-verbundene Atmen u.a. die Neuroplastizit\u00e4t an, es werden also neue Nervenverbindungen gebildet. Ich begleite dich verbal durch die Session, auf Wunsch auch mit K\u00f6rperarbeit. In Workshops arbeite ich au\u00dferdem mit ausgew\u00e4hlter Musik, in Einzelsessions je nach Bedarf. Durch die verbale Begleitung ist die Methode sanfter als einige andere. Eine Atemsession kann sich auf unterschiedliche Weise auf dein Leben auswirken. Zum Beispiel kann sie dir \u00a0helfen, den tiefer liegenden Grund f\u00fcr pers\u00f6nliche Schwierigkeiten zu erkennen und so Mitgef\u00fchl und Verst\u00e4ndnis f\u00fcr dich zu entwickeln. Du kannst Klarheit zu einem Thema bekommen, das dich nicht in Ruhe l\u00e4sst. Oder du entwickelst Resilienz, um in schwierigen Situationen handlungsf\u00e4higer zu bleiben.<\/p><p>Sessions und Workshops finden \u00fcberwiegend in Freiburg im Breisgau statt.\u00a0<\/p>\t\t\t\t\t\t\t\t<\/div>\n\t\t\t\t<\/div>\n\t\t\t\t<\/div>\n\t\t\t\t\t<\/div>\n\t\t\t\t<\/div>\n\t\t<div class=\"elementor-element elementor-element-17948ae e-flex e-con-boxed e-con e-parent\" data-id=\"17948ae\" data-element_type=\"container\" data-settings=\"{&quot;background_background&quot;:&quot;classic&quot;}\">\n\t\t\t\t\t<div class=\"e-con-inner\">\n\t\t<div class=\"elementor-element elementor-element-b77489e e-con-full e-flex e-con e-child\" data-id=\"b77489e\" data-element_type=\"container\">\n\t\t<div class=\"elementor-element elementor-element-fe016ec e-con-full e-flex e-con e-child\" data-id=\"fe016ec\" data-element_type=\"container\">\n\t\t\t\t<div class=\"elementor-element elementor-element-228306e elementor-widget-mobile__width-inherit elementor-widget elementor-widget-image\" data-id=\"228306e\" data-element_type=\"widget\" data-widget_type=\"image.default\">\n\t\t\t\t<div class=\"elementor-widget-container\">\n\t\t\t\t\t\t\t\t\t\t\t\t\t\t\t<img decoding=\"async\" width=\"800\" height=\"532\" src=\"https:\/\/koerperermaechtigung.de\/wp-content\/uploads\/2024\/11\/business-fotos-lucy-dreyer-92-1024x681.jpg\" class=\"attachment-large size-large wp-image-595\" alt=\"\" srcset=\"https:\/\/koerperermaechtigung.de\/wp-content\/uploads\/2024\/11\/business-fotos-lucy-dreyer-92-1024x681.jpg 1024w, https:\/\/koerperermaechtigung.de\/wp-content\/uploads\/2024\/11\/business-fotos-lucy-dreyer-92-300x200.jpg 300w, https:\/\/koerperermaechtigung.de\/wp-content\/uploads\/2024\/11\/business-fotos-lucy-dreyer-92-768x511.jpg 768w, https:\/\/koerperermaechtigung.de\/wp-content\/uploads\/2024\/11\/business-fotos-lucy-dreyer-92-1536x1022.jpg 1536w, https:\/\/koerperermaechtigung.de\/wp-content\/uploads\/2024\/11\/business-fotos-lucy-dreyer-92.jpg 2048w\" sizes=\"(max-width: 800px) 100vw, 800px\" \/>\t\t\t\t\t\t\t\t\t\t\t\t\t\t\t<\/div>\n\t\t\t\t<\/div>\n\t\t\t\t<div class=\"elementor-element elementor-element-5324b8a elementor-widget elementor-widget-heading\" data-id=\"5324b8a\" data-element_type=\"widget\" data-widget_type=\"heading.default\">\n\t\t\t\t<div class=\"elementor-widget-container\">\n\t\t\t\t\t<h2 class=\"elementor-heading-title elementor-size-default\">Einzelsession<\/h2>\t\t\t\t<\/div>\n\t\t\t\t<\/div>\n\t\t\t\t<div class=\"elementor-element elementor-element-dc6e553 elementor-widget elementor-widget-text-editor\" data-id=\"dc6e553\" data-element_type=\"widget\" data-widget_type=\"text-editor.default\">\n\t\t\t\t<div class=\"elementor-widget-container\">\n\t\t\t\t\t\t\t\t\t<p>In einer Einzelsession begleite ich dich durch einen Atemprozess. Eingebettet in Vor- und Nachgespr\u00e4ch bin ich in diesem Setting nur f\u00fcr dich da. Auf diese Weise kann ich individueller auf deine Bed\u00fcrfnisse eingehen und den Prozess begleiten, als in einem Workshop. So ist es m\u00f6glich in deinem spezifischen Thema tiefer zu forschen. Manche bevorzugen auch einfach den privaten, intimen Raum, den eine Einzelsession m\u00f6glich macht. Doppelsessions sind auf Anfrage auch m\u00f6glich.<\/p>\t\t\t\t\t\t\t\t<\/div>\n\t\t\t\t<\/div>\n\t\t\t\t<div class=\"elementor-element elementor-element-ab4795d elementor-align-left elementor-widget elementor-widget-button\" data-id=\"ab4795d\" data-element_type=\"widget\" data-widget_type=\"button.default\">\n\t\t\t\t<div class=\"elementor-widget-container\">\n\t\t\t\t\t\t\t\t\t<div class=\"elementor-button-wrapper\">\n\t\t\t\t\t<a class=\"elementor-button elementor-button-link elementor-size-sm\" href=\"https:\/\/koerperermaechtigung.de\/preispolitik\/\">\n\t\t\t\t\t\t<span class=\"elementor-button-content-wrapper\">\n\t\t\t\t\t\t\t\t\t<span class=\"elementor-button-text\">Zu den Preisen<\/span>\n\t\t\t\t\t<\/span>\n\t\t\t\t\t<\/a>\n\t\t\t\t<\/div>\n\t\t\t\t\t\t\t\t<\/div>\n\t\t\t\t<\/div>\n\t\t\t\t<\/div>\n\t\t\t\t<\/div>\n\t\t<div class=\"elementor-element elementor-element-a69af69 e-con-full e-flex e-con e-child\" data-id=\"a69af69\" data-element_type=\"container\">\n\t\t<div class=\"elementor-element elementor-element-f1f0eb3 e-con-full e-flex e-con e-child\" data-id=\"f1f0eb3\" data-element_type=\"container\">\n\t\t\t\t<div class=\"elementor-element elementor-element-d4e3ef7 elementor-widget elementor-widget-image\" data-id=\"d4e3ef7\" data-element_type=\"widget\" data-widget_type=\"image.default\">\n\t\t\t\t<div class=\"elementor-widget-container\">\n\t\t\t\t\t\t\t\t\t\t\t\t\t\t\t<img decoding=\"async\" width=\"800\" height=\"532\" src=\"https:\/\/koerperermaechtigung.de\/wp-content\/uploads\/2024\/12\/business-fotos-lucy-dreyer-81-1024x681.jpg\" class=\"attachment-large size-large wp-image-678\" alt=\"\" srcset=\"https:\/\/koerperermaechtigung.de\/wp-content\/uploads\/2024\/12\/business-fotos-lucy-dreyer-81-1024x681.jpg 1024w, https:\/\/koerperermaechtigung.de\/wp-content\/uploads\/2024\/12\/business-fotos-lucy-dreyer-81-300x200.jpg 300w, https:\/\/koerperermaechtigung.de\/wp-content\/uploads\/2024\/12\/business-fotos-lucy-dreyer-81-768x511.jpg 768w, https:\/\/koerperermaechtigung.de\/wp-content\/uploads\/2024\/12\/business-fotos-lucy-dreyer-81-1536x1022.jpg 1536w, https:\/\/koerperermaechtigung.de\/wp-content\/uploads\/2024\/12\/business-fotos-lucy-dreyer-81.jpg 2048w\" sizes=\"(max-width: 800px) 100vw, 800px\" \/>\t\t\t\t\t\t\t\t\t\t\t\t\t\t\t<\/div>\n\t\t\t\t<\/div>\n\t\t\t\t<div class=\"elementor-element elementor-element-0bc246e elementor-widget elementor-widget-heading\" data-id=\"0bc246e\" data-element_type=\"widget\" data-widget_type=\"heading.default\">\n\t\t\t\t<div class=\"elementor-widget-container\">\n\t\t\t\t\t<h2 class=\"elementor-heading-title elementor-size-default\">Workshops<\/h2>\t\t\t\t<\/div>\n\t\t\t\t<\/div>\n\t\t\t\t<div class=\"elementor-element elementor-element-77ce1b7 elementor-widget elementor-widget-text-editor\" data-id=\"77ce1b7\" data-element_type=\"widget\" data-widget_type=\"text-editor.default\">\n\t\t\t\t<div class=\"elementor-widget-container\">\n\t\t\t\t\t\t\t\t\t<p>In einer Gruppe zwischen 5 und 14 Menschen begleite ich euch durch einen Atemprozess. Ab 8 Teilnehmer*innen unterst\u00fctzt mich ein*e weitere*r Atem Coach. Eingebettet ist ein Workshop in kleine Gruppen\u00fcbungen, Journaling und Mitteilungsrunden. Das besondere an einem Workshop ist, dass die anderen Menschen deinen Prozess durch ihre Anwesenheit und ihren Prozess beeinflussen k\u00f6nnen. Das empfinden manche als st\u00f6rend, manche empfinden es als Unterst\u00fctzung, f\u00fcr manche ist nicht wichtig. Je nach L\u00e4nge des Workshops (1,5-3,5 h) richtet sich auch die L\u00e4nge der Atemsession. Durch die kleine Gruppengr\u00f6\u00dfe kann ich auf jede*n im Workshop individuell eingehen. Das macht die Methode u.a. Trauma sensibler als andere.<\/p>\t\t\t\t\t\t\t\t<\/div>\n\t\t\t\t<\/div>\n\t\t\t\t<div class=\"elementor-element elementor-element-ef67b2a elementor-align-left elementor-widget elementor-widget-button\" data-id=\"ef67b2a\" data-element_type=\"widget\" data-widget_type=\"button.default\">\n\t\t\t\t<div class=\"elementor-widget-container\">\n\t\t\t\t\t\t\t\t\t<div class=\"elementor-button-wrapper\">\n\t\t\t\t\t<a class=\"elementor-button elementor-button-link elementor-size-sm\" href=\"https:\/\/koerperermaechtigung.de\/preispolitik\/\">\n\t\t\t\t\t\t<span class=\"elementor-button-content-wrapper\">\n\t\t\t\t\t\t\t\t\t<span class=\"elementor-button-text\">Zu den Preisen<\/span>\n\t\t\t\t\t<\/span>\n\t\t\t\t\t<\/a>\n\t\t\t\t<\/div>\n\t\t\t\t\t\t\t\t<\/div>\n\t\t\t\t<\/div>\n\t\t\t\t<\/div>\n\t\t\t\t<\/div>\n\t\t\t\t\t<\/div>\n\t\t\t\t<\/div>\n\t\t<div class=\"elementor-element elementor-element-9c6fe8d e-flex e-con-boxed e-con e-parent\" data-id=\"9c6fe8d\" data-element_type=\"container\" data-settings=\"{&quot;background_background&quot;:&quot;classic&quot;}\">\n\t\t\t\t\t<div class=\"e-con-inner\">\n\t\t<div class=\"elementor-element elementor-element-ce537be e-flex e-con-boxed e-con e-child\" data-id=\"ce537be\" data-element_type=\"container\">\n\t\t\t\t\t<div class=\"e-con-inner\">\n\t\t<div class=\"elementor-element elementor-element-0b5a905 e-con-full e-flex e-con e-child\" data-id=\"0b5a905\" data-element_type=\"container\">\n\t\t\t\t<div class=\"elementor-element elementor-element-dc433d2 elementor-widget elementor-widget-n-accordion\" data-id=\"dc433d2\" data-element_type=\"widget\" data-settings=\"{&quot;default_state&quot;:&quot;expanded&quot;,&quot;max_items_expended&quot;:&quot;one&quot;,&quot;n_accordion_animation_duration&quot;:{&quot;unit&quot;:&quot;ms&quot;,&quot;size&quot;:400,&quot;sizes&quot;:[]}}\" data-widget_type=\"nested-accordion.default\">\n\t\t\t\t<div class=\"elementor-widget-container\">\n\t\t\t\t\t\t\t<div class=\"e-n-accordion\" aria-label=\"Accordion. Open links with Enter or Space, close with Escape, and navigate with Arrow Keys\">\n\t\t\t\t\t\t<details id=\"e-n-accordion-item-2300\" class=\"e-n-accordion-item\" open>\n\t\t\t\t<summary class=\"e-n-accordion-item-title\" data-accordion-index=\"1\" tabindex=\"0\" aria-expanded=\"true\" aria-controls=\"e-n-accordion-item-2300\" >\n\t\t\t\t\t<span class='e-n-accordion-item-title-header'><div class=\"e-n-accordion-item-title-text\"> Hinweise f\u00fcr die Teilnahme an einer\/m Atemsession\/-workshop <\/div><\/span>\n\t\t\t\t\t\t\t<span class='e-n-accordion-item-title-icon'>\n\t\t\t<span class='e-opened' ><svg aria-hidden=\"true\" class=\"e-font-icon-svg e-fas-chevron-up\" viewBox=\"0 0 448 512\" xmlns=\"http:\/\/www.w3.org\/2000\/svg\"><path d=\"M240.971 130.524l194.343 194.343c9.373 9.373 9.373 24.569 0 33.941l-22.667 22.667c-9.357 9.357-24.522 9.375-33.901.04L224 227.495 69.255 381.516c-9.379 9.335-24.544 9.317-33.901-.04l-22.667-22.667c-9.373-9.373-9.373-24.569 0-33.941L207.03 130.525c9.372-9.373 24.568-9.373 33.941-.001z\"><\/path><\/svg><\/span>\n\t\t\t<span class='e-closed'><svg aria-hidden=\"true\" class=\"e-font-icon-svg e-fas-angle-down\" viewBox=\"0 0 320 512\" xmlns=\"http:\/\/www.w3.org\/2000\/svg\"><path d=\"M143 352.3L7 216.3c-9.4-9.4-9.4-24.6 0-33.9l22.6-22.6c9.4-9.4 24.6-9.4 33.9 0l96.4 96.4 96.4-96.4c9.4-9.4 24.6-9.4 33.9 0l22.6 22.6c9.4 9.4 9.4 24.6 0 33.9l-136 136c-9.2 9.4-24.4 9.4-33.8 0z\"><\/path><\/svg><\/span>\n\t\t<\/span>\n\n\t\t\t\t\t\t<\/summary>\n\t\t\t\t<div role=\"region\" aria-labelledby=\"e-n-accordion-item-2300\" class=\"elementor-element elementor-element-08daf23 e-con-full e-flex e-con e-child\" data-id=\"08daf23\" data-element_type=\"container\">\n\t\t\t\t<div class=\"elementor-element elementor-element-3ec5c3c elementor-widget elementor-widget-text-editor\" data-id=\"3ec5c3c\" data-element_type=\"widget\" data-widget_type=\"text-editor.default\">\n\t\t\t\t<div class=\"elementor-widget-container\">\n\t\t\t\t\t\t\t\t\t<p style=\"font-weight: 400\">Atemsitzungen dienen dem pers\u00f6nlichen Wachstums und ersetzen keine Psychotherapie oder andere medizinische Verfahren. Um gemeinsam mit dir einzusch\u00e4tzen, ob die Teilnahme an einem Atemsession f\u00fcr dich geeignet ist, gibt es im Vorfeld einige Fragen. Bitte lese diese sorgf\u00e4ltig durch:<\/p><p style=\"font-weight: 400\">Bist du aktuell schwanger?<br \/>Hast du aktuell oder hattest du in der Vergangenheit mit folgenden gesundheitlichen Schwierigkeiten zu tun:<\/p><p>&#8211; Herz-Kreislauf-Erkrankungen\u00a0(insbesondere\u00a0Herzinfarkt o.\u00e4.)<\/p><p style=\"font-weight: 400\">&#8211; Verletzungen\u00a0des\u00a0Atmungsapparats \u00a0(Lunge,\u00a0Zwerchfell)\u00a0und\u00a0Knochenbr\u00fcche<br \/>&#8211; Schizophrenie,\u00a0bipolare\u00a0St\u00f6rung, \u00a0Psychose<br \/>&#8211; Epilepsie<br \/>&#8211; Gibt es sonstige schwerwiegende k\u00f6rperliche Einschr\u00e4nkungen, von denen ich wissen\u00a0sollte?<\/p><p style=\"font-weight: 400\">Bitte kontaktiere mich baldm\u00f6glichst, falls es bei dir Besonderheiten gibt oder du Zweifel hast, ob eine Teilnahme f\u00fcr dich in Frage kommt. Gegebenenfalls w\u00fcrde ich dich bitten, dies im Vorfeld mit deiner\/deinem \u00c4rzt*in zu besprechen.<\/p>\t\t\t\t\t\t\t\t<\/div>\n\t\t\t\t<\/div>\n\t\t\t\t<\/div>\n\t\t\t\t\t<\/details>\n\t\t\t\t\t\t<details id=\"e-n-accordion-item-2301\" class=\"e-n-accordion-item\" >\n\t\t\t\t<summary class=\"e-n-accordion-item-title\" data-accordion-index=\"2\" tabindex=\"-1\" aria-expanded=\"false\" aria-controls=\"e-n-accordion-item-2301\" >\n\t\t\t\t\t<span class='e-n-accordion-item-title-header'><div class=\"e-n-accordion-item-title-text\"> Vorbereitung auf die Session <\/div><\/span>\n\t\t\t\t\t\t\t<span class='e-n-accordion-item-title-icon'>\n\t\t\t<span class='e-opened' ><svg aria-hidden=\"true\" class=\"e-font-icon-svg e-fas-chevron-up\" viewBox=\"0 0 448 512\" xmlns=\"http:\/\/www.w3.org\/2000\/svg\"><path d=\"M240.971 130.524l194.343 194.343c9.373 9.373 9.373 24.569 0 33.941l-22.667 22.667c-9.357 9.357-24.522 9.375-33.901.04L224 227.495 69.255 381.516c-9.379 9.335-24.544 9.317-33.901-.04l-22.667-22.667c-9.373-9.373-9.373-24.569 0-33.941L207.03 130.525c9.372-9.373 24.568-9.373 33.941-.001z\"><\/path><\/svg><\/span>\n\t\t\t<span class='e-closed'><svg aria-hidden=\"true\" class=\"e-font-icon-svg e-fas-angle-down\" viewBox=\"0 0 320 512\" xmlns=\"http:\/\/www.w3.org\/2000\/svg\"><path d=\"M143 352.3L7 216.3c-9.4-9.4-9.4-24.6 0-33.9l22.6-22.6c9.4-9.4 24.6-9.4 33.9 0l96.4 96.4 96.4-96.4c9.4-9.4 24.6-9.4 33.9 0l22.6 22.6c9.4 9.4 9.4 24.6 0 33.9l-136 136c-9.2 9.4-24.4 9.4-33.8 0z\"><\/path><\/svg><\/span>\n\t\t<\/span>\n\n\t\t\t\t\t\t<\/summary>\n\t\t\t\t<div role=\"region\" aria-labelledby=\"e-n-accordion-item-2301\" class=\"elementor-element elementor-element-7e3382b e-con-full e-flex e-con e-child\" data-id=\"7e3382b\" data-element_type=\"container\">\n\t\t\t\t<div class=\"elementor-element elementor-element-8f5bc1c elementor-widget elementor-widget-text-editor\" data-id=\"8f5bc1c\" data-element_type=\"widget\" data-widget_type=\"text-editor.default\">\n\t\t\t\t<div class=\"elementor-widget-container\">\n\t\t\t\t\t\t\t\t\t<p style=\"font-weight: 400\">&#8211;\u00a0Die letzte\u00a0gro\u00dfe\u00a0Mahlzeit\u00a0sollte mindestens\u00a02\u00a0Stunden\u00a0zur\u00fcckliegen.<br \/>&#8211; Optimalerweise\u00a0isst du am Tag der Session keinen Knoblauch oder bl\u00e4hende Lebensmittel.<br \/>&#8211;\u00a0Am\u00a0Tag\u00a0der Session\u00a0rauche keinen Tabak oder andere Substanzen oder Pflanzen.<br \/>&#8211; Trinke am Vortag und am Session Tag keinen Alkohol und konsumiere keine anderen Drogen.<br \/>&#8211; Verzichte bitte auf intensiv duftende Produkte, wie Parf\u00fcm u.\u00e4. (\u00e4therische \u00d6le sind okay).<br \/>&#8211; Plane dir f\u00fcr den Rest des Tages m\u00f6glichst Zeit und Ruhe zum Nachsp\u00fcren der Erfahrung ein (je nach eigener Einsch\u00e4tzung).<br \/>&#8211; Bringe bequeme Kleidung mit.<\/p>\t\t\t\t\t\t\t\t<\/div>\n\t\t\t\t<\/div>\n\t\t\t\t<\/div>\n\t\t\t\t\t<\/details>\n\t\t\t\t\t<\/div>\n\t\t\t\t\t\t<\/div>\n\t\t\t\t<\/div>\n\t\t\t\t<\/div>\n\t\t\t\t\t<\/div>\n\t\t\t\t<\/div>\n\t\t\t\t\t<\/div>\n\t\t\t\t<\/div>\n\t\t\t\t<\/div>\n\t\t","protected":false},"excerpt":{"rendered":"<p>Breathwork Manche Dinge l\u00f6sen sich, sobald ich sie anders betrachte. Ich lade dich ein, in eine andere Perspektive zu tauchen. Durch das Medium des Atems kannst du einen Zustand herbeif\u00fchren, der dich anders denken, f\u00fchlen und wahrnehmen l\u00e4sst, als im Normalzustand. Hast du Lust? Wie funktioniert das? Der Atem steht in direkter Verbindung mit deinem [&hellip;]<\/p>\n","protected":false},"author":1,"featured_media":0,"parent":0,"menu_order":0,"comment_status":"closed","ping_status":"closed","template":"","meta":{"footnotes":""},"class_list":["post-493","page","type-page","status-publish","hentry"],"_links":{"self":[{"href":"https:\/\/koerperermaechtigung.de\/en\/wp-json\/wp\/v2\/pages\/493","targetHints":{"allow":["GET"]}}],"collection":[{"href":"https:\/\/koerperermaechtigung.de\/en\/wp-json\/wp\/v2\/pages"}],"about":[{"href":"https:\/\/koerperermaechtigung.de\/en\/wp-json\/wp\/v2\/types\/page"}],"author":[{"embeddable":true,"href":"https:\/\/koerperermaechtigung.de\/en\/wp-json\/wp\/v2\/users\/1"}],"replies":[{"embeddable":true,"href":"https:\/\/koerperermaechtigung.de\/en\/wp-json\/wp\/v2\/comments?post=493"}],"version-history":[{"count":124,"href":"https:\/\/koerperermaechtigung.de\/en\/wp-json\/wp\/v2\/pages\/493\/revisions"}],"predecessor-version":[{"id":2482,"href":"https:\/\/koerperermaechtigung.de\/en\/wp-json\/wp\/v2\/pages\/493\/revisions\/2482"}],"wp:attachment":[{"href":"https:\/\/koerperermaechtigung.de\/en\/wp-json\/wp\/v2\/media?parent=493"}],"curies":[{"name":"wp","href":"https:\/\/api.w.org\/{rel}","templated":true}]}}