{"id":491,"date":"2024-11-18T12:05:38","date_gmt":"2024-11-18T12:05:38","guid":{"rendered":"http:\/\/rx4.2ed.mytemp.website\/?page_id=491"},"modified":"2025-11-26T15:51:12","modified_gmt":"2025-11-26T15:51:12","slug":"hebammenarbeit","status":"publish","type":"page","link":"https:\/\/koerperermaechtigung.de\/en\/hebammenarbeit\/","title":{"rendered":"Hebammendienste"},"content":{"rendered":"\t\t<div data-elementor-type=\"wp-page\" data-elementor-id=\"491\" class=\"elementor elementor-491\" data-elementor-post-type=\"page\">\n\t\t\t\t<div class=\"elementor-element elementor-element-d95d0f0 e-flex e-con-boxed e-con e-parent\" data-id=\"d95d0f0\" data-element_type=\"container\" data-settings=\"{&quot;background_background&quot;:&quot;classic&quot;}\">\n\t\t\t\t\t<div class=\"e-con-inner\">\n\t\t<div class=\"elementor-element elementor-element-3800f4e e-con-full e-flex e-con e-child\" data-id=\"3800f4e\" data-element_type=\"container\">\n\t\t\t\t<div class=\"elementor-element elementor-element-5f815c1 elementor-hidden-tablet elementor-hidden-mobile elementor-widget elementor-widget-heading\" data-id=\"5f815c1\" data-element_type=\"widget\" data-widget_type=\"heading.default\">\n\t\t\t\t<div class=\"elementor-widget-container\">\n\t\t\t\t\t<h1 class=\"elementor-heading-title elementor-size-default\">Hebammendienste<\/h1>\t\t\t\t<\/div>\n\t\t\t\t<\/div>\n\t\t\t\t<div class=\"elementor-element elementor-element-a2e8bb9 elementor-hidden-desktop elementor-widget elementor-widget-heading\" data-id=\"a2e8bb9\" data-element_type=\"widget\" data-widget_type=\"heading.default\">\n\t\t\t\t<div class=\"elementor-widget-container\">\n\t\t\t\t\t<h1 class=\"elementor-heading-title elementor-size-default\">Hebammen Dienste<\/h1>\t\t\t\t<\/div>\n\t\t\t\t<\/div>\n\t\t\t\t<\/div>\n\t\t\t\t\t<\/div>\n\t\t\t\t<\/div>\n\t\t<div class=\"elementor-element elementor-element-19a6188 e-flex e-con-boxed e-con e-parent\" data-id=\"19a6188\" data-element_type=\"container\">\n\t\t\t\t\t<div class=\"e-con-inner\">\n\t\t<div class=\"elementor-element elementor-element-56b2bd1 e-con-full e-flex e-con e-child\" data-id=\"56b2bd1\" data-element_type=\"container\">\n\t\t\t\t<div class=\"elementor-element elementor-element-8feafe1 elementor-widget elementor-widget-heading\" data-id=\"8feafe1\" data-element_type=\"widget\" data-widget_type=\"heading.default\">\n\t\t\t\t<div class=\"elementor-widget-container\">\n\t\t\t\t\t<h2 class=\"elementor-heading-title elementor-size-default\">Breathwork zur begleitenden Aufarbeitung von Geburts-erfahrungen <\/h2>\t\t\t\t<\/div>\n\t\t\t\t<\/div>\n\t\t\t\t<div class=\"elementor-element elementor-element-b5b734f elementor-widget elementor-widget-text-editor\" data-id=\"b5b734f\" data-element_type=\"widget\" data-widget_type=\"text-editor.default\">\n\t\t\t\t<div class=\"elementor-widget-container\">\n\t\t\t\t\t\t\t\t\t<p style=\"font-weight: 400\"><em>&#8220;W\u00e4hrend des Atmens war ich pl\u00f6tzlich in der Geburtssituation meines Sohnes und konnte all die traumatischen Erfahrungen klar ansehen und mit einem positiven, liebevollen und friedlichen Geburtserlebnis wie \u00fcberschreiben.&#8221;<\/em><\/p><p>Herausfordernde, traumatische und\/oder schmerzvolle Erlebnisse wie die Geburt versetzen unser Nervensystem in einen hochaktiven Zustand. H\u00e4ufig sind diese Erlebnisse von starken Gef\u00fchlen wie Angst, Hilflosigkeit und Unsicherheit gepr\u00e4gt, manchmal sogar von Todesangst. Nachdem die Situation vor\u00fcber ist und die Gefahr gebannt wurde, kann es jedoch passieren, dass das Nervensystem nicht vollst\u00e4ndig in den Ruhezustand zur\u00fcckkehrt. Dies f\u00fchrt dazu, dass betroffene Personen schmerzhafte Erinnerungen wiederholt erleben oder das Erlebnis als Ganzes unvollst\u00e4ndig erscheint.<\/p><p>Der Atem steht in direkter Verbindung zu unserem Nervensystem. Daher beeinflusst er ma\u00dfgeblich unseren mentalen, psychischen und emotionalen Zustand. In Atemsessions machen wir uns diese Tatsache zunutze. W\u00e4hrend dieser Sessions atmest du f\u00fcr etwa eine Stunde tief und verbunden. Dadurch kommt es u.a. zu einer Verringerung des rationalen Denkens und einem besseren Zugang zu deinen Gef\u00fchlen. Schmerzhafte Erinnerungen, die als Anspannungen und Stress im K\u00f6rper gespeichert sind, k\u00f6nnen dadurch gel\u00f6st und an die Oberfl\u00e4che gebracht werden.<\/p><p>In einem unterst\u00fctzenden und achtsamen Rahmen haben Erinnerungen und die damit verbundenen Emotionen Raum und k\u00f6nnen zugelassen und anerkannt werden. Gleichzeitig kann der Zugriff auf pers\u00f6nliche Ressourcen reaktiviert werden. Dadurch kann das Nervensystem in den Ruhezustand zur\u00fcckfinden und das Erlebnis besser verarbeitet und integriert werden. Oftmals f\u00fchrt eine Session zu Klarheit, Mitgef\u00fchl und einem tiefen Verst\u00e4ndnis. Viele Menschen erfahren auch einen Zustand absoluter Entspannung.<\/p><p>Ich begleite dich w\u00e4hrend der Session verbal und auf Wunsch durch K\u00f6rperarbeit. In Workshops arbeite ich zudem mit ausgew\u00e4hlter Musik, w\u00e4hrend Einzelsessions je nach Bedarf. Durch die verbale Begleitung ist diese Methode sanfter als einige andere.<\/p><p>Die Begleitungen finden im Raum Freiburg im Breisgau statt und sind sowohl in Einzel- und Doppelsessions als auch in einer Gruppe von 5-14 Personen m\u00f6glich. Einzel- oder Doppelsessions beinhalten ein Vor- und Nachgespr\u00e4ch sowie eine Entspannungsphase und dauern etwa 2,5 Stunden. F\u00fcr Gruppensessions plane ich etwa 3 Stunden ein.<\/p><p>Wenn du interessiert bist, melde dich gerne, und wir finden die f\u00fcr dich passendste Form.<\/p>\t\t\t\t\t\t\t\t<\/div>\n\t\t\t\t<\/div>\n\t\t\t\t<\/div>\n\t\t\t\t\t<\/div>\n\t\t\t\t<\/div>\n\t\t<div class=\"elementor-element elementor-element-9c6fe8d e-flex e-con-boxed e-con e-parent\" data-id=\"9c6fe8d\" data-element_type=\"container\" data-settings=\"{&quot;background_background&quot;:&quot;classic&quot;}\">\n\t\t\t\t\t<div class=\"e-con-inner\">\n\t\t<div class=\"elementor-element elementor-element-ce537be e-flex e-con-boxed e-con e-child\" data-id=\"ce537be\" data-element_type=\"container\">\n\t\t\t\t\t<div class=\"e-con-inner\">\n\t\t\t\t<div class=\"elementor-element elementor-element-ee35e6d elementor-hidden-mobile elementor-widget elementor-widget-spacer\" data-id=\"ee35e6d\" data-element_type=\"widget\" data-widget_type=\"spacer.default\">\n\t\t\t\t<div class=\"elementor-widget-container\">\n\t\t\t\t\t\t\t<div class=\"elementor-spacer\">\n\t\t\t<div class=\"elementor-spacer-inner\"><\/div>\n\t\t<\/div>\n\t\t\t\t\t\t<\/div>\n\t\t\t\t<\/div>\n\t\t\t\t<div class=\"elementor-element elementor-element-43c6162 elementor-widget elementor-widget-image\" data-id=\"43c6162\" data-element_type=\"widget\" data-widget_type=\"image.default\">\n\t\t\t\t<div class=\"elementor-widget-container\">\n\t\t\t\t\t\t\t\t\t\t\t\t\t\t\t<img fetchpriority=\"high\" decoding=\"async\" width=\"2254\" height=\"2560\" src=\"https:\/\/koerperermaechtigung.de\/wp-content\/uploads\/2025\/05\/isabella-angelica-AvOAqDOvu4Q-unsplash-scaled.jpg\" class=\"attachment-full size-full wp-image-2166\" alt=\"\" srcset=\"https:\/\/koerperermaechtigung.de\/wp-content\/uploads\/2025\/05\/isabella-angelica-AvOAqDOvu4Q-unsplash-scaled.jpg 2254w, https:\/\/koerperermaechtigung.de\/wp-content\/uploads\/2025\/05\/isabella-angelica-AvOAqDOvu4Q-unsplash-264x300.jpg 264w, https:\/\/koerperermaechtigung.de\/wp-content\/uploads\/2025\/05\/isabella-angelica-AvOAqDOvu4Q-unsplash-902x1024.jpg 902w, https:\/\/koerperermaechtigung.de\/wp-content\/uploads\/2025\/05\/isabella-angelica-AvOAqDOvu4Q-unsplash-768x872.jpg 768w, https:\/\/koerperermaechtigung.de\/wp-content\/uploads\/2025\/05\/isabella-angelica-AvOAqDOvu4Q-unsplash-1353x1536.jpg 1353w, https:\/\/koerperermaechtigung.de\/wp-content\/uploads\/2025\/05\/isabella-angelica-AvOAqDOvu4Q-unsplash-1804x2048.jpg 1804w\" sizes=\"(max-width: 2254px) 100vw, 2254px\" \/>\t\t\t\t\t\t\t\t\t\t\t\t\t\t\t<\/div>\n\t\t\t\t<\/div>\n\t\t\t\t<div class=\"elementor-element elementor-element-81c5065 elementor-widget elementor-widget-heading\" data-id=\"81c5065\" data-element_type=\"widget\" data-widget_type=\"heading.default\">\n\t\t\t\t<div class=\"elementor-widget-container\">\n\t\t\t\t\t<h2 class=\"elementor-heading-title elementor-size-default\">Sexological Bodywork zur Geburts-vorbereitung und nach Geburt<\/h2>\t\t\t\t<\/div>\n\t\t\t\t<\/div>\n\t\t\t\t<div class=\"elementor-element elementor-element-1b9b59f elementor-widget elementor-widget-text-editor\" data-id=\"1b9b59f\" data-element_type=\"widget\" data-widget_type=\"text-editor.default\">\n\t\t\t\t<div class=\"elementor-widget-container\">\n\t\t\t\t\t\t\t\t\t<p>Normalerweise werden Babys durch den Genitalkanal geboren. Es ist also ein h\u00f6chst intimer Prozess und ein sehr intimer K\u00f6rperbereich, der hier in den Fokus rutscht. Viele weiblich sozialisierte Menschen und Frauen sind es von gyn\u00e4kologischen Untersuchungen gewohnt, dass der Genitalbereich in medizinischen Untersuchungen ber\u00fchrt wird. In der Schwangerschaft und besonders w\u00e4hrend der Geburt nimmt das exponentiell zu.<\/p><p><strong>Aber wieviel ber\u00fchrst du dich eigentlich selber in diesem Bereich? Wie gut kennst du dich in deinem Genitalbereich? Hast du ihn dir mal im Spiegel angeschaut? Hast du mal bewusst nach deinem Uterus Eingang getastet, dir deinen Damm massiert?<\/strong><\/p><p>Den meisten ist dieser Bereich als Vulva bekannt. Mit der Vulva wird viel gemacht und sie hat variable Funktionen zu erf\u00fcllen. Abgesehen davon ist es ein K\u00f6rperbereich, der vielen, die selber eine Vulva besitzen, recht unbekannt ist.\u00a0<\/p><p>Abgesehen davon, dass es hier viel spannendes zu entdecken gibt, ist es besonders vor einer Geburt sehr empfehlenswert, sich der Vulva ein wenig zu widmen und den eigenen Beckenbereich besser kennenzulernen. <strong>Es kann dich u.a. darin unterst\u00fctzen:<\/strong><\/p><p>&#8211; Ein besseres Gesp\u00fcr f\u00fcr deinen Muttermund, Beckenboden, etc. zu erlangen und diese so bewusster anzusteuern.<br \/>&#8211; Auf tiefer, k\u00f6rperlicher Ebene zu verstehen, was w\u00e4hrend der Geburt in deinem K\u00f6rper passiert und so mehr ein Gef\u00fchl von Kontrolle zu behalten.<br \/>&#8211; Verspannungen im Beckenbereich zu l\u00f6sen. Das schafft mehr Platz f\u00fcr das Baby und kann den Geburtsprozess vereinfachen.<br \/>&#8211; Dir diesen Bereich anzueignen, eine Sprache zu entwickeln und so auch w\u00e4hrend der Geburt besser daf\u00fcr einstehen zu k\u00f6nnen, was du willst und was nicht. Auch w\u00e4hrend der Geburt ist es immernoch dein K\u00f6rper! Das vergessen manche.<br \/>-Herauszufinden, was dir gut tut, dich entspannt, dir vielleicht sogar Lust bereitet. All das sind gro\u00dfe Ressourcen, auf die du in der Geburt zur\u00fcckgreifen kannst. Und sollte sich eine Geburtseinleitung ank\u00fcndigen, kannst du Methoden entwickeln, die helfen, die Geburt anzustupsen (Entspannung\/Wohlgef\u00fchl\/Erregung =&gt; Oxytocinaussch\u00fcttung).<br \/>&#8211; Zu Lernen zu kommunizieren, was dir gut tut und wie andere dich darin unterst\u00fctzen k\u00f6nnen (sehr essentiell in der Geburt! Da bist du Boss und deine Geburtsbegleitung wird dir zu F\u00fc\u00dfen liegen.)<br \/>&#8211; uvm.<\/p><p>Auf dieser Erkundungs- und Aneignungstour begleite ich dich mithilfe von Sexological Bodywork. Um mehr dar\u00fcber zu erfahren, was diese Methode ausmacht, wie eine Session aussieht und wie Sexological Bodywork dich bzw. euch auch au\u00dferhalb von Geburt und Elternschaft unterst\u00fctzen kann, <strong>schau(t) gerne <a href=\"https:\/\/koerperermaechtigung.de\/sexological-bodywork\/\">hier<\/a><\/strong>.<\/p><p><strong>Nach der Geburt<\/strong> kann Sexological Bodywork z.B. eine hilfreiche Methode sein, um<\/p><p>&#8211; Dich mit potentiellen Ver\u00e4nderungen an deinem Genital auseinanderzusetzen und dich ihm wieder anzun\u00e4hern.<br \/>&#8211; Den Geburtsprozess auf k\u00f6rperlicher Ebene zu verarbeiten.<br \/>&#8211; Narben von Geburtsverletzungen mithilfe von Massage weicher werden zu lassen (auch Kaiserschnittnarben!).<br \/>&#8211; Mit Ver\u00e4nderungen bezogen auf dein sexuellen Leben umzugehen und herauszufinden, was sich nun gut anf\u00fchlt.<br \/>&#8211; Zu lernen zu kommunizieren, was du willst und was dir gut tut.<br \/>&#8211; uvm.<\/p><p>Solltest Fragen oder Interesse an einer Session haben, schreibe mir gerne unter <a href=\"https:\/\/koerperermaechtigung.de\/kontakt\/\">Kontakt<\/a>. Auch ein kurzes Kennenlern Telefonat ist m\u00f6glich. Eine Begleitung ist sowohl online als auch in Pr\u00e4senz in Freiburg m\u00f6glich.<\/p>\t\t\t\t\t\t\t\t<\/div>\n\t\t\t\t<\/div>\n\t\t\t\t\t<\/div>\n\t\t\t\t<\/div>\n\t\t\t\t\t<\/div>\n\t\t\t\t<\/div>\n\t\t<div class=\"elementor-element elementor-element-1beb7a6 e-flex e-con-boxed e-con e-parent\" data-id=\"1beb7a6\" data-element_type=\"container\">\n\t\t\t\t\t<div class=\"e-con-inner\">\n\t\t<div class=\"elementor-element elementor-element-85c5e56 e-flex e-con-boxed e-con e-child\" data-id=\"85c5e56\" data-element_type=\"container\">\n\t\t\t\t\t<div class=\"e-con-inner\">\n\t\t\t\t<div class=\"elementor-element elementor-element-6684286 elementor-widget elementor-widget-image\" data-id=\"6684286\" data-element_type=\"widget\" data-widget_type=\"image.default\">\n\t\t\t\t<div class=\"elementor-widget-container\">\n\t\t\t\t\t\t\t\t\t\t\t\t\t\t\t<img decoding=\"async\" src=\"https:\/\/koerperermaechtigung.de\/wp-content\/uploads\/elementor\/thumbs\/photo_2024-04-13_14-48-00-qx8vj134lh3etb1v9f9bn9xqzaedrjaxkphfza0vmc.jpg\" title=\"photo_2024-04-13_14-48-00\" alt=\"photo_2024-04-13_14-48-00\" loading=\"lazy\" \/>\t\t\t\t\t\t\t\t\t\t\t\t\t\t\t<\/div>\n\t\t\t\t<\/div>\n\t\t\t\t<div class=\"elementor-element elementor-element-555c18d elementor-widget elementor-widget-heading\" data-id=\"555c18d\" data-element_type=\"widget\" data-widget_type=\"heading.default\">\n\t\t\t\t<div class=\"elementor-widget-container\">\n\t\t\t\t\t<h2 class=\"elementor-heading-title elementor-size-default\">Beratung bei der Zubereitung von Plazentamedizin<\/h2>\t\t\t\t<\/div>\n\t\t\t\t<\/div>\n\t\t\t\t<div class=\"elementor-element elementor-element-0a181e8 elementor-widget elementor-widget-text-editor\" data-id=\"0a181e8\" data-element_type=\"widget\" data-widget_type=\"text-editor.default\">\n\t\t\t\t<div class=\"elementor-widget-container\">\n\t\t\t\t\t\t\t\t\t<p>Die Plazenta ist das Organ, das das heranwachsende Kind w\u00e4hrend der Schwangerschaft versorgt. Nach der Geburt wird sie meistens entsorgt oder von Krankenh\u00e4usern an Pharmazieunternehmen verkauft. Manche Menschen nehmen die Plazenta mit nach Hause, pflanzen sp\u00e4ter einen Baum darauf oder vergessen sie im Gefrierschrank.<\/p><p>Was viele nicht wissen, ist, dass die Plazenta nach der Geburt f\u00fcr das Kind und die Mutter bzw. die geb\u00e4rende Person von Nutzen sein kann. Sie enth\u00e4lt u.a. Hormone und hormon\u00e4hnliche Substanzen wie zum Beispiel Oxytocin, das f\u00fcr die Bindung in Beziehungen zust\u00e4ndig ist, Interferon, das das Immunsystem st\u00e4rkt, oder Gonadotropin, aus dem Geschlechtshormone hervorgehen. Hergestellte Plazenta-Medizin kann u.a. unterst\u00fctzend eingesetzt werden, wenn das Kind schwierige Entwicklungsphasen durchmacht, zur F\u00f6rderung der R\u00fcckbildung, in der Menopause oder bei Menstruationsbeschwerden.<\/p><p>Es gibt verschiedene M\u00f6glichkeiten, n\u00fctzliche Teile der Plazenta als Medizin zu konservieren. Je nach Herstellungsmethode kann sie in den Wochen nach der Geburt bis zum restlichen Leben der Mutter bzw. der geb\u00e4renden Person und des Kindes aufbewahrt werden. Es ist nicht schwer, Plazenta-Medizin selbst herzustellen. M\u00f6gliche Formen sind:<\/p><p>&#8211; Einfrieren von Teilen der Plazenta und bei Bedarf z.B. in Smoothies mischen.<br \/>&#8211; Kapseln<br \/>&#8211; Tinktur<br \/>&#8211; Globuli und hom\u00f6opathische Tropfen<\/p><p>Wenn du weitere Informationen w\u00fcnschst, wie du deine Plazenta selbst verarbeiten kannst, kontaktiere mich gerne f\u00fcr ein pers\u00f6nliches Beratungsgespr\u00e4ch.<\/p>\t\t\t\t\t\t\t\t<\/div>\n\t\t\t\t<\/div>\n\t\t\t\t\t<\/div>\n\t\t\t\t<\/div>\n\t\t\t\t\t<\/div>\n\t\t\t\t<\/div>\n\t\t\t\t<\/div>\n\t\t","protected":false},"excerpt":{"rendered":"<p>Hebammendienste Hebammen Dienste Breathwork zur begleitenden Aufarbeitung von Geburts-erfahrungen &#8220;W\u00e4hrend des Atmens war ich pl\u00f6tzlich in der Geburtssituation meines Sohnes und konnte all die traumatischen Erfahrungen klar ansehen und mit einem positiven, liebevollen und friedlichen Geburtserlebnis wie \u00fcberschreiben.&#8221; Herausfordernde, traumatische und\/oder schmerzvolle Erlebnisse wie die Geburt versetzen unser Nervensystem in einen hochaktiven Zustand. H\u00e4ufig sind [&hellip;]<\/p>\n","protected":false},"author":1,"featured_media":0,"parent":0,"menu_order":0,"comment_status":"closed","ping_status":"closed","template":"","meta":{"footnotes":""},"class_list":["post-491","page","type-page","status-publish","hentry"],"_links":{"self":[{"href":"https:\/\/koerperermaechtigung.de\/en\/wp-json\/wp\/v2\/pages\/491","targetHints":{"allow":["GET"]}}],"collection":[{"href":"https:\/\/koerperermaechtigung.de\/en\/wp-json\/wp\/v2\/pages"}],"about":[{"href":"https:\/\/koerperermaechtigung.de\/en\/wp-json\/wp\/v2\/types\/page"}],"author":[{"embeddable":true,"href":"https:\/\/koerperermaechtigung.de\/en\/wp-json\/wp\/v2\/users\/1"}],"replies":[{"embeddable":true,"href":"https:\/\/koerperermaechtigung.de\/en\/wp-json\/wp\/v2\/comments?post=491"}],"version-history":[{"count":75,"href":"https:\/\/koerperermaechtigung.de\/en\/wp-json\/wp\/v2\/pages\/491\/revisions"}],"predecessor-version":[{"id":2488,"href":"https:\/\/koerperermaechtigung.de\/en\/wp-json\/wp\/v2\/pages\/491\/revisions\/2488"}],"wp:attachment":[{"href":"https:\/\/koerperermaechtigung.de\/en\/wp-json\/wp\/v2\/media?parent=491"}],"curies":[{"name":"wp","href":"https:\/\/api.w.org\/{rel}","templated":true}]}}