{"id":306,"date":"2024-11-18T08:55:04","date_gmt":"2024-11-18T08:55:04","guid":{"rendered":"http:\/\/rx4.2ed.mytemp.website\/?page_id=306"},"modified":"2025-11-26T15:55:02","modified_gmt":"2025-11-26T15:55:02","slug":"haltung-und-space","status":"publish","type":"page","link":"https:\/\/koerperermaechtigung.de\/en\/haltung-und-space\/","title":{"rendered":"Principien &amp; Space"},"content":{"rendered":"\t\t<div data-elementor-type=\"wp-page\" data-elementor-id=\"306\" class=\"elementor elementor-306\" data-elementor-post-type=\"page\">\n\t\t\t\t<div class=\"elementor-element elementor-element-d95d0f0 e-flex e-con-boxed e-con e-parent\" data-id=\"d95d0f0\" data-element_type=\"container\" data-settings=\"{&quot;background_background&quot;:&quot;classic&quot;}\">\n\t\t\t\t\t<div class=\"e-con-inner\">\n\t\t<div class=\"elementor-element elementor-element-3800f4e e-con-full e-flex e-con e-child\" data-id=\"3800f4e\" data-element_type=\"container\">\n\t\t\t\t<div class=\"elementor-element elementor-element-5f815c1 elementor-widget elementor-widget-heading\" data-id=\"5f815c1\" data-element_type=\"widget\" data-widget_type=\"heading.default\">\n\t\t\t\t<div class=\"elementor-widget-container\">\n\t\t\t\t\t<h1 class=\"elementor-heading-title elementor-size-default\">Prinzipien &amp; Space<\/h1>\t\t\t\t<\/div>\n\t\t\t\t<\/div>\n\t\t\t\t<\/div>\n\t\t\t\t\t<\/div>\n\t\t\t\t<\/div>\n\t\t<div class=\"elementor-element elementor-element-944c129 e-flex e-con-boxed e-con e-parent\" data-id=\"944c129\" data-element_type=\"container\" data-settings=\"{&quot;background_background&quot;:&quot;classic&quot;}\">\n\t\t\t\t\t<div class=\"e-con-inner\">\n\t\t<div class=\"elementor-element elementor-element-4d4a705 e-con-full e-flex e-con e-child\" data-id=\"4d4a705\" data-element_type=\"container\">\n\t\t\t\t<div class=\"elementor-element elementor-element-c7d5cb5 elementor-widget elementor-widget-text-editor\" data-id=\"c7d5cb5\" data-element_type=\"widget\" data-widget_type=\"text-editor.default\">\n\t\t\t\t<div class=\"elementor-widget-container\">\n\t\t\t\t\t\t\t\t\t<p class=\"western\">Love as political resistance- &#8230;caring for ourselves is not self-indulgence, it is self-preservation, and an act of political welfare. &#8211; Audre Lorde<\/p>\t\t\t\t\t\t\t\t<\/div>\n\t\t\t\t<\/div>\n\t\t\t\t<\/div>\n\t\t\t\t\t<\/div>\n\t\t\t\t<\/div>\n\t\t<div class=\"elementor-element elementor-element-19a6188 e-flex e-con-boxed e-con e-parent\" data-id=\"19a6188\" data-element_type=\"container\">\n\t\t\t\t\t<div class=\"e-con-inner\">\n\t\t<div class=\"elementor-element elementor-element-31aadb3 e-con-full e-flex e-con e-child\" data-id=\"31aadb3\" data-element_type=\"container\">\n\t\t\t\t<div class=\"elementor-element elementor-element-14930ce elementor-widget elementor-widget-heading\" data-id=\"14930ce\" data-element_type=\"widget\" data-widget_type=\"heading.default\">\n\t\t\t\t<div class=\"elementor-widget-container\">\n\t\t\t\t\t<h1 class=\"elementor-heading-title elementor-size-default\">Haltung<\/h1>\t\t\t\t<\/div>\n\t\t\t\t<\/div>\n\t\t\t\t<div class=\"elementor-element elementor-element-1511743 elementor-widget-mobile__width-inherit e-n-tabs-mobile elementor-widget elementor-widget-n-tabs\" data-id=\"1511743\" data-element_type=\"widget\" data-widget_type=\"nested-tabs.default\">\n\t\t\t\t<div class=\"elementor-widget-container\">\n\t\t\t\t\t\t\t<div class=\"e-n-tabs\" data-widget-number=\"22091587\" aria-label=\"Tabs. Open items with Enter or Space, close with Escape and navigate using the Arrow keys.\">\n\t\t\t<div class=\"e-n-tabs-heading\" role=\"tablist\">\n\t\t\t\t\t<button id=\"e-n-tab-title-220915871\" data-tab-title-id=\"e-n-tab-title-220915871\" class=\"e-n-tab-title\" aria-selected=\"true\" data-tab-index=\"1\" role=\"tab\" tabindex=\"0\" aria-controls=\"e-n-tab-content-220915871\" style=\"--n-tabs-title-order: 1;\">\n\t\t\t\t\t\t<span class=\"e-n-tab-title-text\">\n\t\t\t\t- Space\t\t\t<\/span>\n\t\t<\/button>\n\t\t\t\t<button id=\"e-n-tab-title-220915872\" data-tab-title-id=\"e-n-tab-title-220915872\" class=\"e-n-tab-title\" aria-selected=\"false\" data-tab-index=\"2\" role=\"tab\" tabindex=\"-1\" aria-controls=\"e-n-tab-content-220915872\" style=\"--n-tabs-title-order: 2;\">\n\t\t\t\t\t\t<span class=\"e-n-tab-title-text\">\n\t\t\t\t- Processorientiert\t\t\t<\/span>\n\t\t<\/button>\n\t\t\t\t<button id=\"e-n-tab-title-220915873\" data-tab-title-id=\"e-n-tab-title-220915873\" class=\"e-n-tab-title\" aria-selected=\"false\" data-tab-index=\"3\" role=\"tab\" tabindex=\"-1\" aria-controls=\"e-n-tab-content-220915873\" style=\"--n-tabs-title-order: 3;\">\n\t\t\t\t\t\t<span class=\"e-n-tab-title-text\">\n\t\t\t\t- Trauma informative Herangehensweise\t\t\t<\/span>\n\t\t<\/button>\n\t\t\t\t<button id=\"e-n-tab-title-220915874\" data-tab-title-id=\"e-n-tab-title-220915874\" class=\"e-n-tab-title\" aria-selected=\"false\" data-tab-index=\"4\" role=\"tab\" tabindex=\"-1\" aria-controls=\"e-n-tab-content-220915874\" style=\"--n-tabs-title-order: 4;\">\n\t\t\t\t\t\t<span class=\"e-n-tab-title-text\">\n\t\t\t\t- Konsens\t\t\t<\/span>\n\t\t<\/button>\n\t\t\t\t<button id=\"e-n-tab-title-220915875\" data-tab-title-id=\"e-n-tab-title-220915875\" class=\"e-n-tab-title\" aria-selected=\"false\" data-tab-index=\"5\" role=\"tab\" tabindex=\"-1\" aria-controls=\"e-n-tab-content-220915875\" style=\"--n-tabs-title-order: 5;\">\n\t\t\t\t\t\t<span class=\"e-n-tab-title-text\">\n\t\t\t\t- Vertraulichkeit\t\t\t<\/span>\n\t\t<\/button>\n\t\t\t\t\t<\/div>\n\t\t\t<div class=\"e-n-tabs-content\">\n\t\t\t\t<div id=\"e-n-tab-content-220915871\" role=\"tabpanel\" aria-labelledby=\"e-n-tab-title-220915871\" data-tab-index=\"1\" style=\"--n-tabs-title-order: 1;\" class=\"e-active elementor-element elementor-element-88eb6c5 e-con-full e-flex e-con e-child\" data-id=\"88eb6c5\" data-element_type=\"container\">\n\t\t\t\t<div class=\"elementor-element elementor-element-ff51449 elementor-widget__width-initial elementor-widget elementor-widget-text-editor\" data-id=\"ff51449\" data-element_type=\"widget\" data-widget_type=\"text-editor.default\">\n\t\t\t\t<div class=\"elementor-widget-container\">\n\t\t\t\t\t\t\t\t\t<p>Es sind ALLE K\u00f6rper willkommen, die den Wunsch haben, an meinen Angeboten teilzunehmen. Es gibt keine 100% sicheren R\u00e4ume. Alle Menschen haben auf irgendeine Art und Weise Verletzungen im Leben erfahren. Das Ausma\u00df dieser Verletzungen h\u00e4ngt nicht nur von der individuellen Biografie ab, sondern auch von Privilegien und Marginalisierung. Mein Ziel ist es, einen Raum zu schaffen, der zu m\u00f6glichst wenig Re-Traumatisierung und erneuten Verletzungen f\u00fchrt. Dabei erkenne ich an, dass ich dies nur bis zu einem gewissen Grad gew\u00e4hrleisten kann. Mir ist bewusst, dass ich nicht fehlerfrei und im st\u00e4ndigen Prozess des Lernens bin, was es f\u00fcr diesen Raum ben\u00f6tigt. Auch ist mir bewusst, dass ich Privilegien habe und die Lebensrealit\u00e4t von Teilnehmenden, die Benachteiligungen erfahren, von denen ich selbst nicht betroffen bin, nur bis zu einem gewissen Grad nachvollziehen kann. Solltest du etwas Bestimmtes brauchen, um dich in einem Workshop oder einer Einzelsession bei mir sicher und aufgehoben zu f\u00fchlen, kontaktiere mich gerne im Vorraus und ich schaue, was ich erm\u00f6glichen kann. Auch verstehe ich meine R\u00e4ume als \u201ebraver spaces\u201c. Das hei\u00dft, ich erkenne auch in herausfordernden Situationen und Konflikten einen potenziellen Wert. Meine Intention ist es, einen Raum des gemeinsamen Lernens zu schaffen, was jedoch nicht bedeutet, dass r\u00fccksichtsloses oder diskriminierendes Verhalten toleriert wird. Solltest du in einem meiner Workshops Diskriminierung oder anderweitig verletzendes Verhalten erfahren, m\u00f6chte ich dich ermutigen, mit mir oder der Assistenz in Kontakt zu treten. Falls du bei mir diskriminierendes oder anderweitig verletzendes Verhalten erfahren oder beobachten, bin ich dir dankbar \u00fcber pers\u00f6nliches oder anonymes Feedback. Daf\u00fcr kannst du z.B. das Kontaktformular nutzen.<\/p><p>Meine Angebote sind queer-freundlich, z.T. queer-centered und finden in Freiburg im Breisgau, z.T. auch online und anderorts auf Events und Festivals (z.B. im Rahmen des <a href=\"https:\/\/juicy-lab.love\/\">Juicy Lab Festivals<\/a>) statt.<\/p>\t\t\t\t\t\t\t\t<\/div>\n\t\t\t\t<\/div>\n\t\t\t\t<\/div>\n\t\t<div id=\"e-n-tab-content-220915872\" role=\"tabpanel\" aria-labelledby=\"e-n-tab-title-220915872\" data-tab-index=\"2\" style=\"--n-tabs-title-order: 2;\" class=\" elementor-element elementor-element-a361e32 e-con-full e-flex e-con e-child\" data-id=\"a361e32\" data-element_type=\"container\">\n\t\t\t\t<div class=\"elementor-element elementor-element-00645b4 elementor-widget elementor-widget-text-editor\" data-id=\"00645b4\" data-element_type=\"widget\" data-widget_type=\"text-editor.default\">\n\t\t\t\t<div class=\"elementor-widget-container\">\n\t\t\t\t\t\t\t\t\t<p>Die Auseinandersetzung mit herausfordernden Themen kann das Aufkommen von Erinnerungen und damit verbundenen schwierigen Emotionen hervorrufen. Ich vertrete die Annahme, dass das F\u00fchlen und Anerkennen von diesen im richtigen Ma\u00df zu mehr Integrit\u00e4t und Heilung beitragen kann. Soweit es von der jeweiligen Person gewollt ist und andere Anwesende nicht verletzt, d\u00fcrfen auch herausfordernde Gef\u00fchle und Emotionen gef\u00fchlt werden und Raum bekommen. In den meisten meiner Workshops ist eine Assistenz anwesend, die pers\u00f6nliche Prozesse in begrenztem Ma\u00dfe begleiten kann. Es handelt sich hierbei nicht um eine therapeutische Begleitung, sondern um Raumhalten, Zuh\u00f6ren und Bezeugen. Ich achte darauf, dass diese Person m\u00f6glichst Erfahrung und\/oder F\u00e4higkeiten in der Prozessbegleitung mitbringt und dabei auch strukturelle Ebenen mitdenkt.<\/p>\t\t\t\t\t\t\t\t<\/div>\n\t\t\t\t<\/div>\n\t\t\t\t<\/div>\n\t\t<div id=\"e-n-tab-content-220915873\" role=\"tabpanel\" aria-labelledby=\"e-n-tab-title-220915873\" data-tab-index=\"3\" style=\"--n-tabs-title-order: 3;\" class=\" elementor-element elementor-element-b51900e e-con-full e-flex e-con e-child\" data-id=\"b51900e\" data-element_type=\"container\">\n\t\t\t\t<div class=\"elementor-element elementor-element-17ed0e6 elementor-widget elementor-widget-text-editor\" data-id=\"17ed0e6\" data-element_type=\"widget\" data-widget_type=\"text-editor.default\">\n\t\t\t\t<div class=\"elementor-widget-container\">\n\t\t\t\t\t\t\t\t\t<p>Durch meine Aus- und Fortbildungen bin ich mit Trauma vertraut, jedoch kein*e ausgebildete Traumatherapeut*in. Ich kann mit meiner Begleitung somit keine Traumata heilen. Trotzdem sind Menschen mit Traumaerfahrungen und\/oder psychischen Erkrankungen in meinen Workshops und Einzelsitzungen willkommen. Je nach Schwere der Belastung bitte ich im Zweifelsfall darum, mich vorher dar\u00fcber zu informieren. Gegebenenfalls entscheiden wir dann gemeinsam, ob eine Teilnahme sinnvoll ist.<\/p><p>In meinen Workshops\/Einzelsessions lade ich zur Langsamkeit ein. Ich ermutige dazu, \u00dcbungen auszusetzen und sich im eigenen Erleben immer wieder mitzubekommen. Das erm\u00f6glicht ein Pendeln zwischen Vertrautem und Neuem und kann eine \u00dcberforderung und \u00dcberreizung des Nervensystems vermeiden. Sollten dennoch Trigger auftauchen, stehen ich oder eine Assistenz w\u00e4hrend und\/oder nach dem Workshop zur Verf\u00fcgung, um diese im Rahmen unserer F\u00e4higkeiten und Kapazit\u00e4ten aufzufangen.<\/p>\t\t\t\t\t\t\t\t<\/div>\n\t\t\t\t<\/div>\n\t\t\t\t<\/div>\n\t\t<div id=\"e-n-tab-content-220915874\" role=\"tabpanel\" aria-labelledby=\"e-n-tab-title-220915874\" data-tab-index=\"4\" style=\"--n-tabs-title-order: 4;\" class=\" elementor-element elementor-element-7812a3d e-con-full e-flex e-con e-child\" data-id=\"7812a3d\" data-element_type=\"container\">\n\t\t\t\t<div class=\"elementor-element elementor-element-afa0c6a elementor-widget elementor-widget-text-editor\" data-id=\"afa0c6a\" data-element_type=\"widget\" data-widget_type=\"text-editor.default\">\n\t\t\t\t<div class=\"elementor-widget-container\">\n\t\t\t\t\t\t\t\t\t<p>Konsens bildet die Grundlage f\u00fcr alle in Workshops\/Einzelsessions stattfindenden Interaktionen. Teilnehmende (sowie raumhaltende Personen, wie mir und Assistenz) stimmen zu, sich entsprechend zu verhalten. Konsens ist komplex und hat verschiedene Ebenen. Der grundlegendste Aspekt ist, dass Teilnehmende vor einer Interaktion mit einer anderen Person im Workshop um Zustimmung bitten (z.B. &#8220;Darf ich dich umarmen?&#8221;). Eigene und fremde Grenzen werden respektiert, ohne sie zu hinterfragen. Das bedeutet, dass nur ein klares, vollst\u00e4ndiges &#8220;Ja&#8221; der Person erlaubt, die Handlung auszuf\u00fchren. Wenn das Ja nicht klar ist, die K\u00f6rpersprache &#8220;nein&#8221; sagt oder die Antwort &#8220;vielleicht&#8221; lautet, wird es als &#8220;nein&#8221; interpretiert. F\u00fcr \u00dcbungen, bei denen wenig gesprochen wird, werden nonverbale Methoden der Zustimmung verwendet.<\/p><p>Konsens ist ein Lernprozess. Selbst Menschen mit den besten Absichten k\u00f6nnen versehentlich Grenzen \u00fcberschreiten, ohne jemensch Schaden zuf\u00fcgen zu wollen. Und manchmal wird erst durch das \u00dcbertreten einer eigenen Grenze bewusst, dass es sich um eine Grenze handelt. Ich m\u00f6chte eine positive Fehlerkultur f\u00f6rdern und anerkennen, dass Fehler zum Lernprozess geh\u00f6ren. Teilnehmende, die im Workshop eine Grenz\u00fcberschreitung erlebt haben, ermutige ich, dies mit mir oder der Assistenz-Person und, falls gew\u00fcnscht, mit der betreffenden Person zu kommunizieren. Teilnehmende, die sich wiederholt und\/oder absichtlich grenz\u00fcberschreitend verhalten, behalte ich mir vor, von der Teilnahme auszuschlie\u00dfen. Dies gilt auch f\u00fcr Personen, die uneinsichtig gegen\u00fcber ihrem verletzenden Verhalten sind oder sich auf eine Art und Weise verhalten, dass das Sicherheitsempfinden von andere Teilnehmenden eingeschr\u00e4nkt wird.<\/p>\t\t\t\t\t\t\t\t<\/div>\n\t\t\t\t<\/div>\n\t\t\t\t<\/div>\n\t\t<div id=\"e-n-tab-content-220915875\" role=\"tabpanel\" aria-labelledby=\"e-n-tab-title-220915875\" data-tab-index=\"5\" style=\"--n-tabs-title-order: 5;\" class=\" elementor-element elementor-element-8ac772a e-con-full e-flex e-con e-child\" data-id=\"8ac772a\" data-element_type=\"container\">\n\t\t\t\t<div class=\"elementor-element elementor-element-80748d9 elementor-widget__width-initial elementor-widget elementor-widget-text-editor\" data-id=\"80748d9\" data-element_type=\"widget\" data-widget_type=\"text-editor.default\">\n\t\t\t\t<div class=\"elementor-widget-container\">\n\t\t\t\t\t\t\t\t\t<p style=\"font-weight: 400\">Alle Teilnehmenden (ebenso ich und potentielle Assistenz-Personen) verpflichten sich zur Vertraulichkeit. Das bedeutet, dass keine Namen, Geschichten, Erfahrungen o.\u00e4. von anderen Teilnehmenden ohne deren Einverst\u00e4ndnis mit anderen Personen geteilt werden.<\/p>\t\t\t\t\t\t\t\t<\/div>\n\t\t\t\t<\/div>\n\t\t\t\t<\/div>\n\t\t\t\t\t<\/div>\n\t\t<\/div>\n\t\t\t\t\t\t<\/div>\n\t\t\t\t<\/div>\n\t\t\t\t<\/div>\n\t\t\t\t\t<\/div>\n\t\t\t\t<\/div>\n\t\t<div class=\"elementor-element elementor-element-17948ae e-flex e-con-boxed e-con e-parent\" data-id=\"17948ae\" data-element_type=\"container\" data-settings=\"{&quot;background_background&quot;:&quot;classic&quot;}\">\n\t\t\t\t\t<div class=\"e-con-inner\">\n\t\t\t\t\t<\/div>\n\t\t\t\t<\/div>\n\t\t<div class=\"elementor-element elementor-element-9c6fe8d e-flex e-con-boxed e-con e-parent\" data-id=\"9c6fe8d\" data-element_type=\"container\" data-settings=\"{&quot;background_background&quot;:&quot;classic&quot;,&quot;motion_fx_motion_fx_scrolling&quot;:&quot;yes&quot;,&quot;motion_fx_devices&quot;:[&quot;desktop&quot;,&quot;tablet&quot;,&quot;mobile&quot;]}\">\n\t\t\t\t\t<div class=\"e-con-inner\">\n\t\t<div class=\"elementor-element elementor-element-ce537be e-flex e-con-boxed e-con e-child\" data-id=\"ce537be\" data-element_type=\"container\">\n\t\t\t\t\t<div class=\"e-con-inner\">\n\t\t\t\t<div class=\"elementor-element elementor-element-1b9b59f elementor-widget elementor-widget-text-editor\" data-id=\"1b9b59f\" data-element_type=\"widget\" data-widget_type=\"text-editor.default\">\n\t\t\t\t<div class=\"elementor-widget-container\">\n\t\t\t\t\t\t\t\t\t<h3>Regeln<\/h3><p>F\u00fcr die Teilnahme an einer Veranstaltung musst Du mindestens 18 Jahre sein. Grunds\u00e4tzlich ist eine Workshopteilnahme\/Einzelsession nur n\u00fcchtern m\u00f6glich, d.h. nicht unter dem Einfluss von Rauschmitteln oder Drogen. Eine Ausnahme besteht, wenn eine bestimmte Substanz oder Medikamente zu deiner biochemischen Baseline im Alltag geh\u00f6ren. Konsumiere bitte auf jeden Fall nicht mehr als \u00fcblich am Tag des Workshops! M\u00f6chtest du an einem Workshop teilnehmen, stimmst du zu, dass du dich gem\u00e4\u00df dem Prinzip von Konsens verh\u00e4ltst (Erl\u00e4uterung siehe Konsens). Sollte es zu einer Nichtber\u00fccksichtigung der Regeln kommen, behalte ich mir vor, dich von der weiteren Teilnahme auszuschlie\u00dfen.<\/p><h3>Haftungsausschluss<\/h3><p>Mit der Anmeldung zum Workshop\/einer Einzelsitzung erkl\u00e4rst du, dass du f\u00fcr dein Wohlergehen und deine k\u00f6rperliche sowie psychische Gesundheit die komplette Verantwortung \u00fcbernimmst. Du bist dir dar\u00fcber bewusst, dass die Teilnahme zu jedem Zeitpunkt freiwillig ist. Die Veranstaltungen sind kein Ersatz f\u00fcr medizinische, therapeutische oder psychiatrische Behandlungen. Es wird bei keiner der Angebote ein Heilversprechen gegeben. Die Angebote sind nicht f\u00fcr Menschen geeignet, die akut unter schweren psychischen Erkrankungen\u00a0 leiden. Bitten w\u00e4ge f\u00fcr dich selbst ab und kontaktiere mich bei Zweifeln im Vorhinein. Wenn du aktuell ansteckend erkrankt bist und ich oder andere Teilnehmende dadurch gef\u00e4hrdet sein k\u00f6nnten, ist von einer Teilnahme abzusehen. F\u00fcr Sch\u00e4den jeglicher Art, oder an mitgebrachten Gegenst\u00e4nden, wird keine Haftung \u00fcbernommen.<\/p>\t\t\t\t\t\t\t\t<\/div>\n\t\t\t\t<\/div>\n\t\t\t\t\t<\/div>\n\t\t\t\t<\/div>\n\t\t\t\t\t<\/div>\n\t\t\t\t<\/div>\n\t\t\t\t<\/div>\n\t\t","protected":false},"excerpt":{"rendered":"<p>Prinzipien &amp; Space Love as political resistance- &#8230;caring for ourselves is not self-indulgence, it is self-preservation, and an act of political welfare. &#8211; Audre Lorde Haltung &#8211; Space &#8211; Processorientiert &#8211; Trauma informative Herangehensweise &#8211; Konsens &#8211; Vertraulichkeit Es sind ALLE K\u00f6rper willkommen, die den Wunsch haben, an meinen Angeboten teilzunehmen. Es gibt keine 100% [&hellip;]<\/p>\n","protected":false},"author":1,"featured_media":0,"parent":0,"menu_order":0,"comment_status":"closed","ping_status":"closed","template":"","meta":{"footnotes":""},"class_list":["post-306","page","type-page","status-publish","hentry"],"_links":{"self":[{"href":"https:\/\/koerperermaechtigung.de\/en\/wp-json\/wp\/v2\/pages\/306","targetHints":{"allow":["GET"]}}],"collection":[{"href":"https:\/\/koerperermaechtigung.de\/en\/wp-json\/wp\/v2\/pages"}],"about":[{"href":"https:\/\/koerperermaechtigung.de\/en\/wp-json\/wp\/v2\/types\/page"}],"author":[{"embeddable":true,"href":"https:\/\/koerperermaechtigung.de\/en\/wp-json\/wp\/v2\/users\/1"}],"replies":[{"embeddable":true,"href":"https:\/\/koerperermaechtigung.de\/en\/wp-json\/wp\/v2\/comments?post=306"}],"version-history":[{"count":174,"href":"https:\/\/koerperermaechtigung.de\/en\/wp-json\/wp\/v2\/pages\/306\/revisions"}],"predecessor-version":[{"id":2494,"href":"https:\/\/koerperermaechtigung.de\/en\/wp-json\/wp\/v2\/pages\/306\/revisions\/2494"}],"wp:attachment":[{"href":"https:\/\/koerperermaechtigung.de\/en\/wp-json\/wp\/v2\/media?parent=306"}],"curies":[{"name":"wp","href":"https:\/\/api.w.org\/{rel}","templated":true}]}}