{"id":1225,"date":"2025-02-07T16:07:45","date_gmt":"2025-02-07T16:07:45","guid":{"rendered":"http:\/\/rx4.2ed.mytemp.website\/?page_id=1225"},"modified":"2025-12-12T06:18:40","modified_gmt":"2025-12-12T06:18:40","slug":"impressum-2","status":"publish","type":"page","link":"https:\/\/koerperermaechtigung.de\/en\/impressum-2\/","title":{"rendered":"Impressum"},"content":{"rendered":"\t\t<div data-elementor-type=\"wp-page\" data-elementor-id=\"1225\" class=\"elementor elementor-1225\" data-elementor-post-type=\"page\">\n\t\t\t\t<div class=\"elementor-element elementor-element-4da49e6d e-flex e-con-boxed e-con e-parent\" data-id=\"4da49e6d\" data-element_type=\"container\" data-settings=\"{&quot;background_background&quot;:&quot;classic&quot;}\">\n\t\t\t\t\t<div class=\"e-con-inner\">\n\t\t\t\t<div class=\"elementor-element elementor-element-17f007dc elementor-widget elementor-widget-text-editor\" data-id=\"17f007dc\" data-element_type=\"widget\" data-widget_type=\"text-editor.default\">\n\t\t\t\t<div class=\"elementor-widget-container\">\n\t\t\t\t\t\t\t\t\t<h2 class=\"wp-block-heading\">Imprint<\/h2>\n<p>Lucy Philine Dreyer<br \/>Wohnprojekt SUSI Haus D<br \/>Vaubanallee 8<\/p>\n<p>79100 Freiburg i. Br.<\/p>\n<p>\u00a0<\/p>\n<p><!-- \/wp:paragraph --><!-- wp:heading --><\/p>\n<h2 class=\"wp-block-heading\">Inhalt des Onlineangebotes<\/h2>\n<p><!-- \/wp:heading --><!-- wp:paragraph --><\/p>\n<p>Di*er Autor*in \u00fcbernimmt keinerlei Gew\u00e4hr f\u00fcr die Aktualit\u00e4t, Korrektheit, Vollst\u00e4ndigkeit oder Qualit\u00e4t der bereitgestellten Informationen. Haftungsanspr\u00fcche gegen di*er Autor*in, welche sich auf Sch\u00e4den materieller oder ideeller Art beziehen, die durch die Nutzung oder Nichtnutzung der dargebotenen Informationen bzw. durch die Nutzung fehlerhafter und unvollst\u00e4ndiger Informationen verursacht wurden, sind grunds\u00e4tzlich ausgeschlossen, sofern seitens der Autorin kein nachweislich vors\u00e4tzliches oder grob fahrl\u00e4ssiges Verschulden vorliegt. Alle Angebote sind freibleibend und unverbindlich.<\/p>\n<p><!-- \/wp:paragraph --><!-- wp:paragraph --><\/p>\n<p>Di*er Autor*in beh\u00e4lt es sich ausdr\u00fccklich vor, Teile der Seiten oder das gesamte Angebot ohne gesonderte Ank\u00fcndigung zu ver\u00e4ndern, zu erg\u00e4nzen, zu l\u00f6schen oder die Ver\u00f6ffentlichung zeitweise oder endg\u00fcltig einzustellen.<\/p>\n<p><!-- \/wp:paragraph --><!-- wp:heading --><\/p>\n<h2 class=\"wp-block-heading\">Urheber- und Kennzeichenrecht<\/h2>\n<p><!-- \/wp:heading --><!-- wp:paragraph --><\/p>\n<p>Di*er Autor*in ist bestrebt, in allen Publikationen die Urheberrechte der verwendeten Bilder, Grafiken, Tondokumente, Videosequenzen und Texte zu beachten, von ihm selbst erstellte Bilder, Grafiken, Tondokumente, Videosequenzen und Texte zu nutzen oder auf lizenzfreie Grafiken, Tondokumente, Videosequenzen und Texte zur\u00fcckzugreifen. Alle innerhalb des Internetangebotes genannten und ggf. durch Dritte gesch\u00fctzten Marken- und Warenzeichen unterliegen uneingeschr\u00e4nkt den Bestimmungen des jeweils g\u00fcltigen Kennzeichenrechts und den Besitzrechten der jeweiligen eingetragenen Eigent\u00fcmer*innen. Allein aufgrund der blo\u00dfen Nennung ist nicht der Schluss zu ziehen, dass Markenzeichen nicht durch Rechte Dritter gesch\u00fctzt sind! Das Copyright f\u00fcr ver\u00f6ffentlichte, vom Autorin selbst erstellte Objekte bleibt allein beim Autor der Seiten. Eine Vervielf\u00e4ltigung oder Verwendung solcher Grafiken, Tondokumente, Videosequenzen und Texte in anderen elektronischen oder gedruckten Publikationen ist ohne ausdr\u00fcckliche Zustimmung der*s Autorens nicht gestattet.<\/p>\n<p><!-- \/wp:paragraph --><!-- wp:paragraph --><\/p>\n<p><strong>Hier die Liste der Urheber:<\/strong><br \/>Wenn nicht benannt, liegt die Autor*innenschaft bei Lucy Philine Dreyer<\/p>\n<p><!-- \/wp:paragraph --><!-- wp:paragraph --><\/p>\n<p><strong>Fotografie:\u00a0<\/strong><br \/>&#8211; \u00dcberwiegend durch: Isabel Steinert \u2192<span style=\"color: #000000\"> <a style=\"color: #000000\" href=\"https:\/\/www.isabellsteinert.com\/\" target=\"_blank\" rel=\"noopener\">Isabel Steinert<\/a><\/span><br \/>&#8211; Und (Portraifotos): Luisa Reis \u2192<span style=\"color: #000000\"> <a style=\"color: #000000\" href=\"https:\/\/www.luibellare.com\/\" target=\"_blank\" rel=\"noopener\">Luisa Reis<\/a><\/span><br \/>&#8211; Vereinzelte von Freund*innen und befreundeten (Hobby-)Fotograf*innen<br \/>&#8211; Und: Unplash.com\u00a0<br \/>\u2192 @ingepoelman<br \/>\u2192 @bjornpierre<br \/>\u2192 @anniespratt<br \/>\u2192 @vitor-monthay<br \/>\u2192 @alexander-grey<br \/>&#8211; Und: Pexels.com<br \/>\u2192 @dainis-graveris<br \/>\u2192 @mikhail-nilov<\/p>\n<p><!-- \/wp:paragraph --><!-- wp:paragraph --><\/p>\n<p><strong>Produktion der Clips:<\/strong><br \/>&#8211; Lucy Philine Dreyer\u00a0<br \/>&#8211; Und: Carsten Seidler \u2192 <span style=\"color: #000000\"><a style=\"color: #000000\" href=\"http:\/\/@_carsten.seidler_\">@_carsten.seidler_<\/a><\/span><\/p>\n<p>Ein Dank geht an alle Menschen, die sich mit ihren K\u00f6rpern und ihrer Zeit f\u00fcr die Clips und Fotos zur Verf\u00fcgung gestellt und in der Visionierung und Umsetzung mitgewirkt haben.\u00a0<\/p>\n<p><!-- \/wp:paragraph --><\/p>\t\t\t\t\t\t\t\t<\/div>\n\t\t\t\t<\/div>\n\t\t\t\t\t<\/div>\n\t\t\t\t<\/div>\n\t\t\t\t<\/div>\n\t\t","protected":false},"excerpt":{"rendered":"<p>Impressum Lucy Philine DreyerWohnprojekt SUSI Haus DVaubanallee 8 79100 Freiburg i. Br. \u00a0 Inhalt des Onlineangebotes Di*er Autor*in \u00fcbernimmt keinerlei Gew\u00e4hr f\u00fcr die Aktualit\u00e4t, Korrektheit, Vollst\u00e4ndigkeit oder Qualit\u00e4t der bereitgestellten Informationen. Haftungsanspr\u00fcche gegen di*er Autor*in, welche sich auf Sch\u00e4den materieller oder ideeller Art beziehen, die durch die Nutzung oder Nichtnutzung der dargebotenen Informationen bzw. durch [&hellip;]<\/p>\n","protected":false},"author":1,"featured_media":0,"parent":0,"menu_order":0,"comment_status":"closed","ping_status":"closed","template":"","meta":{"footnotes":""},"class_list":["post-1225","page","type-page","status-publish","hentry"],"_links":{"self":[{"href":"https:\/\/koerperermaechtigung.de\/en\/wp-json\/wp\/v2\/pages\/1225","targetHints":{"allow":["GET"]}}],"collection":[{"href":"https:\/\/koerperermaechtigung.de\/en\/wp-json\/wp\/v2\/pages"}],"about":[{"href":"https:\/\/koerperermaechtigung.de\/en\/wp-json\/wp\/v2\/types\/page"}],"author":[{"embeddable":true,"href":"https:\/\/koerperermaechtigung.de\/en\/wp-json\/wp\/v2\/users\/1"}],"replies":[{"embeddable":true,"href":"https:\/\/koerperermaechtigung.de\/en\/wp-json\/wp\/v2\/comments?post=1225"}],"version-history":[{"count":31,"href":"https:\/\/koerperermaechtigung.de\/en\/wp-json\/wp\/v2\/pages\/1225\/revisions"}],"predecessor-version":[{"id":2516,"href":"https:\/\/koerperermaechtigung.de\/en\/wp-json\/wp\/v2\/pages\/1225\/revisions\/2516"}],"wp:attachment":[{"href":"https:\/\/koerperermaechtigung.de\/en\/wp-json\/wp\/v2\/media?parent=1225"}],"curies":[{"name":"wp","href":"https:\/\/api.w.org\/{rel}","templated":true}]}}